{"id":1287,"date":"2018-08-14T07:06:50","date_gmt":"2018-08-14T07:06:50","guid":{"rendered":"https:\/\/velikorodnov.com\/wordpress\/jogasana\/?page_id=1287"},"modified":"2021-02-26T02:41:23","modified_gmt":"2021-02-26T01:41:23","slug":"terms-conditions","status":"publish","type":"page","link":"https:\/\/edelweissyogachalet.com\/fr\/terms-conditions\/","title":{"rendered":"Termes &#038; Conditions"},"content":{"rendered":"<div class=\"wpb-content-wrapper\"><div class=\"ys-section vc_row wpb_row vc_row-fluid\"><div class=\"wpb_column vc_column_container vc_col-sm-12\"><div class=\"vc_column-inner\"><div class=\"wpb_wrapper\"><div class=\"wpb_text_column wpb_content_element\">\r\n\t\t<div class=\"wpb_wrapper\">\r\n\t\t\t<h2><b>R\u00e9ductions<\/b><\/h2>\n<p><b>Early Bird <\/b><span style=\"font-weight: 400;\">: 10% de r\u00e9duction et vous payez en totalit\u00e9 au moment de la r\u00e9servation. Disponible lorsque la r\u00e9servation est effectu\u00e9e plus de 60 jours avant la date de d\u00e9but de la retraite.<\/span><\/p>\n<p><span style=\"font-weight: 400;\">Pi\u00e8ces justificatives<\/span><\/p>\n<p><span style=\"font-weight: 400;\">-10% pour No\u00ebl et Nouvel An: l&#8217;offre se termine le 9 janvier 2021<\/span><\/p>\n<h2><b>D\u00e9p\u00f4t de garantie<\/b><\/h2>\n<p><span style=\"font-weight: 400;\">Option 1 : Payez 100% de votre retraite.<\/span><\/p>\n<p><span style=\"font-weight: 400;\">Option 2 : Payez 50% de votre retraite lors de la r\u00e9servation et le solde 50% restants 30 jours avant la date de d\u00e9but de votre retraite.<\/span><\/p>\n<h2><b>Maladie et blessure<\/b><\/h2>\n<p><span style=\"font-weight: 400;\">Si vous ne vous sentez pas bien ou si vous \u00eates bless\u00e9, veuillez nous en informer le plus t\u00f4t possible afin que nous puissions organiser votre r\u00e9servation.<\/span><\/p>\n<h2><b>Notre accord d&#8217;annulation<\/b><\/h2>\n<p><span style=\"font-weight: 400;\">Nous nous efforcerons toujours de reporter votre r\u00e9servation \u00e0 une autre date si possible afin que vous puissiez toujours profiter de votre r\u00e9servation.<\/span><\/p>\n<p><span style=\"font-weight: 400;\">Remboursement du d\u00e9p\u00f4t de 100% en cas d&#8217;annulation 60+ jours avant la date de d\u00e9but de la retraite.<\/span><\/p>\n<p><span style=\"font-weight: 400;\">Remboursement du d\u00e9p\u00f4t de 50% en cas d&#8217;annulation 30 \u00e0 59 jours avant la date de d\u00e9but de la retraite.<\/span><\/p>\n<p><span style=\"font-weight: 400;\">0% de remboursement du d\u00e9p\u00f4t pour annulation 0-29 jours avant la date de d\u00e9but de la retraite.<\/span><\/p>\n<h2><b>COVID-19<\/b><\/h2>\n<p><span style=\"font-weight: 400;\">Raisons li\u00e9es au voyage uniquement. S&#8217;il est impossible de voyager, nous vous rembourserons votre argent.<\/span><\/p>\n<p><span style=\"font-weight: 400;\">Nous vous demandons d&#8217;\u00eatre responsables pour vous-m\u00eame et pour vos proches car vous vous m\u00ealerez \u00e0 un groupe de personnes, donc si vous ne vous sentez pas bien, contactez-nous et nous nous arrangerons.<\/span><\/p>\n<p><span style=\"font-weight: 400;\">Nous prenons toutes les pr\u00e9cautions n\u00e9cessaires et obligatoires pour garantir la s\u00e9curit\u00e9 de chacun.<\/span><\/p>\n<h2><b>Solde restant<\/b><\/h2>\n<p><span style=\"font-weight: 400;\">Le solde restant est d\u00fb 30 jours avant la date de d\u00e9but de la retraite.<\/span><\/p>\n<p><span style=\"font-weight: 400;\">S&#8217;il est pay\u00e9 au moment de la r\u00e9servation, un remboursement complet du solde restant est disponible jusqu&#8217;\u00e0 30 jours avant la date de d\u00e9but de votre retraite.<\/span><\/p>\n<p><span style=\"font-weight: 400;\">Si vous annulez entre 0 et 29 jours avant la date de d\u00e9but de votre retraite, le solde restant n&#8217;est pas remboursable.<\/span><\/p>\n<p><span style=\"font-weight: 400;\">Remarque: pour les arrhes et les montants du solde restant, veuillez vous r\u00e9f\u00e9rer \u00e0 votre e-mail r\u00e9capitulatif de r\u00e9servation.<\/span><\/p>\n\r\n\t\t<\/div>\r\n\t<\/div>\r\n<\/div><\/div><\/div><\/div>\n<\/div>","protected":false},"excerpt":{"rendered":"R\u00e9ductions Early Bird : 10% de r\u00e9duction et vous payez en totalit\u00e9 au moment de la r\u00e9servation. Disponible lorsque la r\u00e9servation est effectu\u00e9e plus de 60 jours avant la date de d\u00e9but de la retraite. Pi\u00e8ces justificatives -10% pour No\u00ebl et Nouvel An: l'offre se termine le 9 janvier 2021 D\u00e9p\u00f4t de garantie Option 1 [...]","protected":false},"author":2,"featured_media":0,"parent":0,"menu_order":0,"comment_status":"closed","ping_status":"closed","template":"","meta":{"nf_dc_page":"","_monsterinsights_skip_tracking":false,"_monsterinsights_sitenote_active":false,"_monsterinsights_sitenote_note":"","_monsterinsights_sitenote_category":0,"footnotes":""},"class_list":["post-1287","page","type-page","status-publish","hentry"],"yoast_head":"<!-- This site is optimized with the Yoast SEO plugin v27.4 - https:\/\/yoast.com\/product\/yoast-seo-wordpress\/ -->\n<title>Termes &amp; Conditions - Edelweiss Yoga Chalet<\/title>\n<meta name=\"robots\" content=\"noindex, nofollow\" \/>\n<meta property=\"og:locale\" content=\"fr_FR\" \/>\n<meta property=\"og:locale:alternate\" content=\"en_GB\" \/>\n<meta property=\"og:type\" content=\"article\" \/>\n<meta property=\"og:title\" content=\"Termes &amp; Conditions - Edelweiss Yoga Chalet\" \/>\n<meta property=\"og:url\" content=\"https:\/\/edelweissyogachalet.com\/fr\/terms-conditions\/\" \/>\n<meta property=\"og:site_name\" content=\"Edelweiss Yoga Chalet\" \/>\n<meta property=\"article:publisher\" content=\"https:\/\/www.facebook.com\/Edelweissyogachalet\" \/>\n<meta property=\"article:modified_time\" content=\"2021-02-26T01:41:23+00:00\" \/>\n<meta property=\"og:image\" content=\"https:\/\/edelweissyogachalet.com\/wp-content\/uploads\/2020\/08\/logo_Edelweiss.png\" \/>\n\t<meta property=\"og:image:width\" content=\"450\" \/>\n\t<meta property=\"og:image:height\" content=\"198\" \/>\n\t<meta property=\"og:image:type\" content=\"image\/png\" \/>\n<meta name=\"twitter:card\" content=\"summary_large_image\" \/>\n<meta name=\"twitter:label1\" content=\"Dur\u00e9e de lecture estim\u00e9e\" \/>\n\t<meta name=\"twitter:data1\" content=\"1 minute\" \/>\n<script type=\"application\/ld+json\" class=\"yoast-schema-graph\">{\"@context\":\"https:\\\/\\\/schema.org\",\"@graph\":[{\"@type\":\"WebPage\",\"@id\":\"https:\\\/\\\/edelweissyogachalet.com\\\/terms-conditions\\\/\",\"url\":\"https:\\\/\\\/edelweissyogachalet.com\\\/terms-conditions\\\/\",\"name\":\"Termes & Conditions - Edelweiss Yoga Chalet\",\"isPartOf\":{\"@id\":\"https:\\\/\\\/edelweissyogachalet.com\\\/fr\\\/#website\"},\"datePublished\":\"2018-08-14T07:06:50+00:00\",\"dateModified\":\"2021-02-26T01:41:23+00:00\",\"breadcrumb\":{\"@id\":\"https:\\\/\\\/edelweissyogachalet.com\\\/terms-conditions\\\/#breadcrumb\"},\"inLanguage\":\"fr-FR\",\"potentialAction\":[{\"@type\":\"ReadAction\",\"target\":[\"https:\\\/\\\/edelweissyogachalet.com\\\/terms-conditions\\\/\"]}]},{\"@type\":\"BreadcrumbList\",\"@id\":\"https:\\\/\\\/edelweissyogachalet.com\\\/terms-conditions\\\/#breadcrumb\",\"itemListElement\":[{\"@type\":\"ListItem\",\"position\":1,\"name\":\"Home\",\"item\":\"https:\\\/\\\/edelweissyogachalet.com\\\/\"},{\"@type\":\"ListItem\",\"position\":2,\"name\":\"Terms &#038; Conditions\"}]},{\"@type\":\"WebSite\",\"@id\":\"https:\\\/\\\/edelweissyogachalet.com\\\/fr\\\/#website\",\"url\":\"https:\\\/\\\/edelweissyogachalet.com\\\/fr\\\/\",\"name\":\"Edelweiss Yoga Chalet\",\"description\":\"Cours et S\u00e9jours de Yoga \u00e0 Chamonix\",\"potentialAction\":[{\"@type\":\"SearchAction\",\"target\":{\"@type\":\"EntryPoint\",\"urlTemplate\":\"https:\\\/\\\/edelweissyogachalet.com\\\/fr\\\/?s={search_term_string}\"},\"query-input\":{\"@type\":\"PropertyValueSpecification\",\"valueRequired\":true,\"valueName\":\"search_term_string\"}}],\"inLanguage\":\"fr-FR\"}]}<\/script>\n<!-- \/ Yoast SEO plugin. -->","yoast_head_json":{"title":"Termes & Conditions - Edelweiss Yoga Chalet","robots":{"index":"noindex","follow":"nofollow"},"og_locale":"fr_FR","og_type":"article","og_title":"Termes & Conditions - Edelweiss Yoga Chalet","og_url":"https:\/\/edelweissyogachalet.com\/fr\/terms-conditions\/","og_site_name":"Edelweiss Yoga Chalet","article_publisher":"https:\/\/www.facebook.com\/Edelweissyogachalet","article_modified_time":"2021-02-26T01:41:23+00:00","og_image":[{"width":450,"height":198,"url":"https:\/\/edelweissyogachalet.com\/wp-content\/uploads\/2020\/08\/logo_Edelweiss.png","type":"image\/png"}],"twitter_card":"summary_large_image","twitter_misc":{"Dur\u00e9e de lecture estim\u00e9e":"1 minute"},"schema":{"@context":"https:\/\/schema.org","@graph":[{"@type":"WebPage","@id":"https:\/\/edelweissyogachalet.com\/terms-conditions\/","url":"https:\/\/edelweissyogachalet.com\/terms-conditions\/","name":"Termes & Conditions - Edelweiss Yoga Chalet","isPartOf":{"@id":"https:\/\/edelweissyogachalet.com\/fr\/#website"},"datePublished":"2018-08-14T07:06:50+00:00","dateModified":"2021-02-26T01:41:23+00:00","breadcrumb":{"@id":"https:\/\/edelweissyogachalet.com\/terms-conditions\/#breadcrumb"},"inLanguage":"fr-FR","potentialAction":[{"@type":"ReadAction","target":["https:\/\/edelweissyogachalet.com\/terms-conditions\/"]}]},{"@type":"BreadcrumbList","@id":"https:\/\/edelweissyogachalet.com\/terms-conditions\/#breadcrumb","itemListElement":[{"@type":"ListItem","position":1,"name":"Home","item":"https:\/\/edelweissyogachalet.com\/"},{"@type":"ListItem","position":2,"name":"Terms &#038; Conditions"}]},{"@type":"WebSite","@id":"https:\/\/edelweissyogachalet.com\/fr\/#website","url":"https:\/\/edelweissyogachalet.com\/fr\/","name":"Edelweiss Yoga Chalet","description":"Cours et S\u00e9jours de Yoga \u00e0 Chamonix","potentialAction":[{"@type":"SearchAction","target":{"@type":"EntryPoint","urlTemplate":"https:\/\/edelweissyogachalet.com\/fr\/?s={search_term_string}"},"query-input":{"@type":"PropertyValueSpecification","valueRequired":true,"valueName":"search_term_string"}}],"inLanguage":"fr-FR"}]}},"_links":{"self":[{"href":"https:\/\/edelweissyogachalet.com\/fr\/wp-json\/wp\/v2\/pages\/1287","targetHints":{"allow":["GET"]}}],"collection":[{"href":"https:\/\/edelweissyogachalet.com\/fr\/wp-json\/wp\/v2\/pages"}],"about":[{"href":"https:\/\/edelweissyogachalet.com\/fr\/wp-json\/wp\/v2\/types\/page"}],"author":[{"embeddable":true,"href":"https:\/\/edelweissyogachalet.com\/fr\/wp-json\/wp\/v2\/users\/2"}],"replies":[{"embeddable":true,"href":"https:\/\/edelweissyogachalet.com\/fr\/wp-json\/wp\/v2\/comments?post=1287"}],"version-history":[{"count":5,"href":"https:\/\/edelweissyogachalet.com\/fr\/wp-json\/wp\/v2\/pages\/1287\/revisions"}],"predecessor-version":[{"id":3047,"href":"https:\/\/edelweissyogachalet.com\/fr\/wp-json\/wp\/v2\/pages\/1287\/revisions\/3047"}],"wp:attachment":[{"href":"https:\/\/edelweissyogachalet.com\/fr\/wp-json\/wp\/v2\/media?parent=1287"}],"curies":[{"name":"wp","href":"https:\/\/api.w.org\/{rel}","templated":true}]}}