{"id":3092,"date":"2021-01-09T05:56:41","date_gmt":"2021-01-09T04:56:41","guid":{"rendered":"https:\/\/edelweissyogachalet.com\/?page_id=3092"},"modified":"2024-02-13T08:33:37","modified_gmt":"2024-02-13T07:33:37","slug":"our-story","status":"publish","type":"page","link":"https:\/\/edelweissyogachalet.com\/fr\/our-story\/","title":{"rendered":"Notre Histoire"},"content":{"rendered":"<div class=\"wpb-content-wrapper\"><div class=\"ys-section vc_row wpb_row vc_row-fluid\"><div class=\"wpb_column vc_column_container vc_col-sm-12\"><div class=\"vc_column-inner\"><div class=\"wpb_wrapper\"><div class='wpb_content_element custom-title  with_title' ><div class=\"custom-title-inner align-center\" ><h2  class=\"section-title\" >Edelweiss Yoga Chalet<\/h2><div class=\"icon-divider align-center\" ><i  class=\"svg divider1\"><\/i><\/div><\/div><div class=\"content_inner text-size-medium\"  ><\/div><\/div><div class=\"vc_empty_space\"   style=\"height: 32px\"><span class=\"vc_empty_space_inner\"><\/span><\/div><div id=\"ultimate-video-196569ea7274647c7\" class=\"ult-video  ult-adjust-bottom-margin ultimate-video-196569ea7274647c7 ultv-6340\"><div class=\"ultv-video ultv-aspect-ratio-16_9 ultv-subscribe-responsive-none\" data-videotype=\"uv_iframe\">\n\t\t\t\t\t\t<div class=\"ultv-video__outer-wrap\" data-autoplay=\"1\" data-device=\"false\"  data-iconbg=\"#3A3A3A\" data-overcolor=\"\" data-defaultbg=\"#1f1f1e\" data-defaultplay=\"defaulticon\"><div class=\"ultv-video__play\" data-src=\"https:\/\/www.youtube.com\/embed\/hC4jWs94Exk?autoplay=1&amp;rel=0&amp;start&amp;end&amp;controls=1&amp;mute=0&amp;modestbranding=0&amp;autoplay=1\">\n\t\t\t\t\t\t\t\t<img decoding=\"async\" class=\"ultv-video__thumb\" src=\"https:\/\/i.ytimg.com\/vi\/hC4jWs94Exk\/maxresdefault.jpg\"\/>\n\t\t\t\t\t\t\t\t<div class=\"ultv-video__play-icon  ultv-animation-none\" style=\"width:75px\"><svg height=\"100%\" version=\"1.1\" viewbox=\"0 0 68 48\" width=\"100%\"><path class=\"ultv-youtube-icon-bg\" d=\"m .66,37.62 c 0,0 .66,4.70 2.70,6.77 2.58,2.71 5.98,2.63 7.49,2.91 5.43,.52 23.10,.68 23.12,.68 .00,-1.3e-5 14.29,-0.02 23.81,-0.71 1.32,-0.15 4.22,-0.17 6.81,-2.89 2.03,-2.07 2.70,-6.77 2.70,-6.77 0,0 .67,-5.52 .67,-11.04 l 0,-5.17 c 0,-5.52 -0.67,-11.04 -0.67,-11.04 0,0 -0.66,-4.70 -2.70,-6.77 C 62.03,.86 59.13,.84 57.80,.69 48.28,0 34.00,0 34.00,0 33.97,0 19.69,0 10.18,.69 8.85,.84 5.95,.86 3.36,3.58 1.32,5.65 .66,10.35 .66,10.35 c 0,0 -0.55,4.50 -0.66,9.45 l 0,8.36 c .10,4.94 .66,9.45 .66,9.45 z\" fill=\"#1f1f1e\" ><\/path><path d=\"m 26.96,13.67 18.37,9.62 -18.37,9.55 -0.00,-19.17 z\" fill=\"#fff\"><\/path><path d=\"M 45.02,23.46 45.32,23.28 26.96,13.67 43.32,22.34 45.02,23.46 z\" fill=\"#ccc\"><\/path><\/svg><\/div> <\/div> <\/div><\/div><\/div><div class=\"vc_empty_space\"   style=\"height: 32px\"><span class=\"vc_empty_space_inner\"><\/span><\/div><\/div><\/div><\/div><\/div><div data-vc-full-width=\"true\" data-vc-full-width-init=\"false\" class=\"ys-section vc_row wpb_row vc_row-fluid vc_row-o-equal-height vc_row-o-content-middle vc_row-flex\"><div class=\"wpb_column vc_column_container vc_col-sm-6 vc_col-lg-6 vc_col-md-6 vc_col-xs-12\"><div class=\"vc_column-inner vc_custom_1542959342494\"><div class=\"wpb_wrapper\"><div class=\"wpb_text_column wpb_content_element\">\r\n\t\t<div class=\"wpb_wrapper\">\r\n\t\t\t<h2><span style=\"font-weight: 400;\">L&#8217;Edelweiss<\/span><\/h2>\n<p>L\u2019edelweiss est une fleur sauvage qui pousse en tr\u00e8s haute altitude. Ce sont les origines tyroliennes de notre famille qui ont inspir\u00e9 le nom de notre chalet.<\/p>\n<p>Symbole de puret\u00e9 et d\u2019amour, une coutume alpine voulait qu\u2019un bouquet d\u2019edelweiss soit offert par le fianc\u00e9 \u00e0 sa promise le jour du mariage.<\/p>\n\r\n\t\t<\/div>\r\n\t<\/div>\r\n<\/div><\/div><\/div><div class=\"wpb_column vc_column_container vc_col-sm-6 vc_col-lg-6 vc_col-md-6 vc_col-xs-12\"><div class=\"vc_column-inner\"><div class=\"wpb_wrapper\"><div class=\"wpb_single_image vc_align_center\" >\r\n\t\t\r\n\t\t<figure class=\"wpb_wrapper vc_figure\">\r\n\t\t\t<div class=\"vc_single_image-wrapper   vc_box_border_grey\"><img decoding=\"async\" width=\"1024\" height=\"768\" src=\"https:\/\/edelweissyogachalet.com\/wp-content\/uploads\/2021\/01\/IMG-9044-1-1024x768.jpg\" class=\"vc_single_image-img attachment-large\" alt=\"Edelweiss Yoga Chalet\" title=\"IMG-9044\" srcset=\"https:\/\/edelweissyogachalet.com\/wp-content\/uploads\/2021\/01\/IMG-9044-1-1024x768.jpg 1024w, https:\/\/edelweissyogachalet.com\/wp-content\/uploads\/2021\/01\/IMG-9044-1-300x225.jpg 300w, https:\/\/edelweissyogachalet.com\/wp-content\/uploads\/2021\/01\/IMG-9044-1-768x576.jpg 768w, https:\/\/edelweissyogachalet.com\/wp-content\/uploads\/2021\/01\/IMG-9044-1-1536x1152.jpg 1536w, https:\/\/edelweissyogachalet.com\/wp-content\/uploads\/2021\/01\/IMG-9044-1-2048x1536.jpg 2048w, https:\/\/edelweissyogachalet.com\/wp-content\/uploads\/2021\/01\/IMG-9044-1-16x12.jpg 16w, https:\/\/edelweissyogachalet.com\/wp-content\/uploads\/2021\/01\/IMG-9044-1-600x450.jpg 600w\" sizes=\"(max-width: 1024px) 100vw, 1024px\" \/><\/div>\r\n\t\t<\/figure>\r\n\t<\/div><\/div><\/div><\/div><div class=\"wpb_column vc_column_container vc_col-sm-12\"><div class=\"vc_column-inner\"><div class=\"wpb_wrapper\"><div class=\"vc_empty_space\"   style=\"height: 32px\"><span class=\"vc_empty_space_inner\"><\/span><\/div><div class=\"wpb_text_column wpb_content_element\">\r\n\t\t<div class=\"wpb_wrapper\">\r\n\t\t\t<h2>Le Chalet<\/h2>\n<p>Le Chalet Edelweiss accueille des retraites et cours de yoga dans un cadre unique, \u00e0 Chamonix, la capitale mondiale de l\u2019alpinisme.<\/p>\n<p>Au calme, dans un \u00e9crin de verdure, avec une vue imprenable sur le Mont Blanc et ses aiguilles, on vient s\u2019y \u00e9chapper et pratiquer le yoga dans un cadre chaleureux, mais \u00e9galement randonner dans nos belles montagnes ou pratiquer des activit\u00e9s sportives \u00e9t\u00e9 comme hiver. Notre d\u00e9sir est de pouvoir accompagner chacun de nos h\u00f4tes dans son chemin, quel qu\u2019il soit, sans jugement et avec bienveillance.<\/p>\n<p>L\u2019histoire de ce lieu unique est \u00e0 l\u2019image des valeurs de notre famille.<\/p>\n\r\n\t\t<\/div>\r\n\t<\/div>\r\n<div class=\"vc_empty_space\"   style=\"height: 32px\"><span class=\"vc_empty_space_inner\"><\/span><\/div><\/div><\/div><\/div><\/div><div class=\"vc_row-full-width vc_clearfix\"><\/div><div data-vc-full-width=\"true\" data-vc-full-width-init=\"false\" class=\"ys-section vc_row wpb_row vc_row-fluid vc_row-o-equal-height vc_row-o-content-middle vc_row-flex\"><div class=\"wpb_column vc_column_container vc_col-sm-6 vc_col-lg-6 vc_col-md-6 vc_col-xs-12\"><div class=\"vc_column-inner vc_custom_1542959342494\"><div class=\"wpb_wrapper\"><div class=\"wpb_text_column wpb_content_element\">\r\n\t\t<div class=\"wpb_wrapper\">\r\n\t\t\t<h2><span style=\"font-weight: 400;\">La Famille Herzog<\/span><\/h2>\n<p>Les liens de la famille Herzog avec la vall\u00e9e de Chamonix datent de plus d\u2019un si\u00e8cle. Le chalet Edelweiss en est l\u2019h\u00e9ritage et nous l\u2019honorons en le mettant \u00e0 disposition de la communaut\u00e9 locale et de chaque personne y s\u00e9journant.<\/p>\n<p>Nos parents, Maurice et Sissi se sont rencontr\u00e9s dans les montagnes autrichiennes. Ils ont transmis \u00e0 leurs deux fils leur amour pour la montagne et cette vall\u00e9e mythique.\u00a0Sissi est l\u2019\u00e2me de ce chalet qu\u2019elle a am\u00e9nag\u00e9 en s\u2019inspirant de son Tyrol natal.<\/p>\n\r\n\t\t<\/div>\r\n\t<\/div>\r\n<\/div><\/div><\/div><div class=\"wpb_column vc_column_container vc_col-sm-6 vc_col-lg-6 vc_col-md-6 vc_col-xs-12\"><div class=\"vc_column-inner\"><div class=\"wpb_wrapper\"><div class=\"wpb_single_image vc_align_center\" >\r\n\t\t\r\n\t\t<figure class=\"wpb_wrapper vc_figure\">\r\n\t\t\t<div class=\"vc_single_image-wrapper   vc_box_border_grey\"><img decoding=\"async\" width=\"2560\" height=\"1486\" src=\"https:\/\/edelweissyogachalet.com\/wp-content\/uploads\/2020\/08\/Pokhara-scaled.jpg\" class=\"vc_single_image-img attachment-full\" alt=\"L&#039;histoire d&#039;Edelweiss Yoga Chalet\" title=\"Pokhara\" srcset=\"https:\/\/edelweissyogachalet.com\/wp-content\/uploads\/2020\/08\/Pokhara-scaled.jpg 2560w, https:\/\/edelweissyogachalet.com\/wp-content\/uploads\/2020\/08\/Pokhara-300x174.jpg 300w, https:\/\/edelweissyogachalet.com\/wp-content\/uploads\/2020\/08\/Pokhara-1024x595.jpg 1024w, https:\/\/edelweissyogachalet.com\/wp-content\/uploads\/2020\/08\/Pokhara-768x446.jpg 768w, https:\/\/edelweissyogachalet.com\/wp-content\/uploads\/2020\/08\/Pokhara-1536x892.jpg 1536w, https:\/\/edelweissyogachalet.com\/wp-content\/uploads\/2020\/08\/Pokhara-2048x1189.jpg 2048w\" sizes=\"(max-width: 2560px) 100vw, 2560px\" \/><\/div>\r\n\t\t<\/figure>\r\n\t<\/div><div class=\"vc_empty_space\"   style=\"height: 32px\"><span class=\"vc_empty_space_inner\"><\/span><\/div><\/div><\/div><\/div><div class=\"wpb_column vc_column_container vc_col-sm-12\"><div class=\"vc_column-inner\"><div class=\"wpb_wrapper\"><div class=\"wpb_text_column wpb_content_element\">\r\n\t\t<div class=\"wpb_wrapper\">\r\n\t\t\t<p>Maurice nous a quitt\u00e9s en 2012. Il\u00a0eut une vie hors du commun. Avec Louis Lachenal, ils furent les deux premiers hommes \u00e0 gravir en 1950 un sommet de plus de 8000 m\u00e8tres sans oxyg\u00e8ne\u00a0: l\u2019Annapurna, d\u00e9esse Indienne de la fertilit\u00e9 et de l\u2019abondance. Maurice \u00e9tait le chef de cette exp\u00e9dition, folle \u00e9pop\u00e9e rassemblant les meilleurs alpinistes de l\u2019\u00e9poque, alors que le royaume du N\u00e9pal s\u2019ouvrait \u00e0 peine aux \u00e9trangers.<\/p>\n<p>Apr\u00e8s avoir risqu\u00e9 sa vie dans la r\u00e9sistance durant la seconde guerre mondiale puis sacrifi\u00e9 ses pieds et ses mains \u00e0 la d\u00e9esse de la fertilit\u00e9, Maurice d\u00e9dia sa vie, \u00e0 travers les diverses fonctions politiques qu\u2019il occupa, \u00e0 sa ville de c\u0153ur, Chamonix, \u00e0 sa tr\u00e8s ch\u00e8re r\u00e9gion, \u00e0 son pays, \u00e0 la jeunesse et au sport comme moyen d\u2019apprentissage de la vie, de d\u00e9passement de soi.<\/p>\n<p>La souffrance et la mort, ont fait partie de sa vie et lui ont apport\u00e9 les plus grands enseignants et la plus grande sagesse. Le Rinpoch\u00e9, grand ma\u00eetre bouddhiste tib\u00e9tain, lui avait confi\u00e9 \u00e0 l\u2019\u00e9poque \u201cpar ce que vous avez souffert vous avez pu rena\u00eetre\u201d.<\/p>\n<p>Dans ce chalet, \u00e0 travers la m\u00e9moire de notre p\u00e8re, nous esp\u00e9rons honorer ces valeurs de r\u00e9silience et de d\u00e9passement de soi.<\/p>\n\r\n\t\t<\/div>\r\n\t<\/div>\r\n<div class=\"vc_empty_space\"   style=\"height: 32px\"><span class=\"vc_empty_space_inner\"><\/span><\/div><\/div><\/div><\/div><\/div><div class=\"vc_row-full-width vc_clearfix\"><\/div><div data-vc-full-width=\"true\" data-vc-full-width-init=\"false\" class=\"ys-section vc_row wpb_row vc_row-fluid\"><div class=\"wpb_column vc_column_container vc_col-sm-12\"><div class=\"vc_column-inner\"><div class=\"wpb_wrapper\"><div class=\"wpb_text_column wpb_content_element\">\r\n\t\t<div class=\"wpb_wrapper\">\r\n\t\t\t<h2>L&#8217;Association<\/h2>\n<p>L\u2019association Edelweiss Yoga chalet \u00e0 pour but d\u2019accueillir tout \u00e0 chacun d\u00e9sireux de pratiquer le yoga et des activit\u00e9s en ext\u00e9rieur. Que ce soit le temps d\u2019un week-end, d\u2019une retraite, d\u2019un stage de formation, l\u2019association et ses membres ont pour but d\u2019accompagner les personnes d\u00e9sireuses d\u2019entamer ou d\u2019acc\u00e9l\u00e9rer un changement de vie.<\/p>\n<p>L\u2019association Edelweiss a pour but de cr\u00e9er une communaut\u00e9 de personnes, de tous \u00e2ges, toutes origines afin d\u2019aider les personnes dans le besoin que ce soit localement, en France ou \u00e0 l\u2019\u00e9tranger.<\/p>\n<p>Elle a pour but d\u2019accompagner et financer des projets existants, ou de cr\u00e9er avec ses membres une infrastructure qui permettra d\u2019avoir un impact direct sur la vie des gens et de la communaut\u00e9. Nous voulons rassembler tous ceux d\u00e9sireux de donner un sens \u00e0 leur vie, \u00e0 leur travail, \u00e0 leur passion. Nous sommes ici pour servir et partager dans la bienveillance. Nous avons un but pr\u00e9cis, pouvoir accompagner les changements qui s\u2019op\u00e8rent dans notre soci\u00e9t\u00e9, \u00eatre partie prenante, \u00eatre acteur, \u00eatre initiateur. Nous voulons aider les jeunes g\u00e9n\u00e9rations et les moins jeunes \u00e0 fa\u00e7onner le monde de demain, \u00e0 travers l\u2019apprentissage de chacun et la cr\u00e9ation de projet concret.<\/p>\n<p>Nous avons tous un r\u00f4le \u00e0 jouer, vous \u00eates bien plus important que vous ne le pensez.<\/p>\n<p>Tout le monde est le bienvenu pour que nous puissions pr\u00e9parer le monde de demain.<\/p>\n\r\n\t\t<\/div>\r\n\t<\/div>\r\n<div class=\"vc_empty_space\"   style=\"height: 32px\"><span class=\"vc_empty_space_inner\"><\/span><\/div><div class=\"wpb_single_image vc_align_center\" >\r\n\t\t\r\n\t\t<figure class=\"wpb_wrapper vc_figure\">\r\n\t\t\t<div class=\"vc_single_image-wrapper   vc_box_border_grey\"><img decoding=\"async\" width=\"1024\" height=\"768\" src=\"https:\/\/edelweissyogachalet.com\/wp-content\/uploads\/2021\/01\/2ad32e13-c01c-4dcb-9177-742cbcfb4741-1024x768.jpg\" class=\"vc_single_image-img attachment-large\" alt=\"Yogis at Edelweiss Yoga Chalet\" title=\"2ad32e13-c01c-4dcb-9177-742cbcfb4741\" srcset=\"https:\/\/edelweissyogachalet.com\/wp-content\/uploads\/2021\/01\/2ad32e13-c01c-4dcb-9177-742cbcfb4741-1024x768.jpg 1024w, https:\/\/edelweissyogachalet.com\/wp-content\/uploads\/2021\/01\/2ad32e13-c01c-4dcb-9177-742cbcfb4741-300x225.jpg 300w, https:\/\/edelweissyogachalet.com\/wp-content\/uploads\/2021\/01\/2ad32e13-c01c-4dcb-9177-742cbcfb4741-768x576.jpg 768w, https:\/\/edelweissyogachalet.com\/wp-content\/uploads\/2021\/01\/2ad32e13-c01c-4dcb-9177-742cbcfb4741-1536x1153.jpg 1536w, https:\/\/edelweissyogachalet.com\/wp-content\/uploads\/2021\/01\/2ad32e13-c01c-4dcb-9177-742cbcfb4741-16x12.jpg 16w, https:\/\/edelweissyogachalet.com\/wp-content\/uploads\/2021\/01\/2ad32e13-c01c-4dcb-9177-742cbcfb4741-600x450.jpg 600w, https:\/\/edelweissyogachalet.com\/wp-content\/uploads\/2021\/01\/2ad32e13-c01c-4dcb-9177-742cbcfb4741.jpg 1599w\" sizes=\"(max-width: 1024px) 100vw, 1024px\" \/><\/div>\r\n\t\t<\/figure>\r\n\t<\/div><div class=\"vc_empty_space\"   style=\"height: 32px\"><span class=\"vc_empty_space_inner\"><\/span><\/div><\/div><\/div><\/div><\/div><div class=\"vc_row-full-width vc_clearfix\"><\/div><div class=\"ys-section vc_row wpb_row vc_row-fluid\"><div class=\"wpb_column vc_column_container vc_col-sm-12\"><div class=\"vc_column-inner\"><div class=\"wpb_wrapper\">\t\t\r\n\t\t<div class=\"ys-cta-area type1\">\r\n        \r\n\t\t\t\t\t\t<div class=\"call-out bg-section\" data-bg=\"https:\/\/edelweissyogachalet.com\/wp-content\/uploads\/2021\/01\/IMG-9838-1024x465-1.jpg\" >\r\n\t\t\t\r\n\t\t\t<div class=\"container\"  >\r\n\t\t\t  <div class=\"col-lg-7 col-md-12\">\r\n                \r\n                <div class=\"align-center\">\r\n                  <h2 class=\"call-title var2\" >Pour plus d&#039;infos<\/h2>\r\n                  <p ><\/p>\r\n\t\t\t\t  \r\n\t\t\t\t                    <a href=\"https:\/\/edelweissyogachalet.com\/fr\/community\/\" target=\"\" class=\"btn btn-style-6 btn-big\" >Rencontrer la communaut\u00e9<\/a>\r\n\t\t\t\t  \t\t\t\t   \r\n                <\/div>\r\n\r\n              <\/div>\r\n            <\/div>\r\n\t\t\t\r\n            <\/div>\r\n\t\t\t        \t\r\n\t\t<\/div>\r\n\r\n\t\t<\/div><\/div><\/div><\/div>\n<\/div>","protected":false},"excerpt":{"rendered":"Edelweiss Yoga Chalet L'Edelweiss L\u2019edelweiss est une fleur sauvage qui pousse en tr\u00e8s haute altitude. Ce sont les origines tyroliennes de notre famille qui ont inspir\u00e9 le nom de notre chalet. Symbole de puret\u00e9 et d\u2019amour, une coutume alpine voulait qu\u2019un bouquet d\u2019edelweiss soit offert par le fianc\u00e9 \u00e0 sa promise le jour du mariage. [...]","protected":false},"author":2,"featured_media":0,"parent":0,"menu_order":0,"comment_status":"closed","ping_status":"closed","template":"","meta":{"nf_dc_page":"","_monsterinsights_skip_tracking":false,"_monsterinsights_sitenote_active":false,"_monsterinsights_sitenote_note":"","_monsterinsights_sitenote_category":0,"footnotes":""},"class_list":["post-3092","page","type-page","status-publish","hentry"],"yoast_head":"<!-- This site is optimized with the Yoast SEO plugin v27.4 - https:\/\/yoast.com\/product\/yoast-seo-wordpress\/ -->\n<title>Notre Histoire - Edelweiss Yoga Chalet<\/title>\n<meta name=\"description\" content=\"D\u00e9couvre notre histoire. Notre Chalet s&#039;appel &quot;Edelweiss&quot; (Fleur sauvage qui pousse en tr\u00e8s haute altitude) car notre maman est Autrichienne ou plus exactement Tyrolienne.\" \/>\n<meta name=\"robots\" content=\"index, follow, max-snippet:-1, max-image-preview:large, max-video-preview:-1\" \/>\n<link rel=\"canonical\" href=\"https:\/\/edelweissyogachalet.com\/fr\/our-story\/\" \/>\n<meta property=\"og:locale\" content=\"fr_FR\" \/>\n<meta property=\"og:locale:alternate\" content=\"en_GB\" \/>\n<meta property=\"og:type\" content=\"article\" \/>\n<meta property=\"og:title\" content=\"Notre Histoire - Edelweiss Yoga Chalet\" \/>\n<meta property=\"og:description\" content=\"D\u00e9couvre notre histoire. Notre Chalet s&#039;appel &quot;Edelweiss&quot; (Fleur sauvage qui pousse en tr\u00e8s haute altitude) car notre maman est Autrichienne ou plus exactement Tyrolienne.\" \/>\n<meta property=\"og:url\" content=\"https:\/\/edelweissyogachalet.com\/fr\/our-story\/\" \/>\n<meta property=\"og:site_name\" content=\"Edelweiss Yoga Chalet\" \/>\n<meta property=\"article:publisher\" content=\"https:\/\/www.facebook.com\/Edelweissyogachalet\" \/>\n<meta property=\"article:modified_time\" content=\"2024-02-13T07:33:37+00:00\" \/>\n<meta property=\"og:image\" content=\"https:\/\/edelweissyogachalet.com\/wp-content\/uploads\/2020\/08\/logo_Edelweiss.png\" \/>\n\t<meta property=\"og:image:width\" content=\"450\" \/>\n\t<meta property=\"og:image:height\" content=\"198\" \/>\n\t<meta property=\"og:image:type\" content=\"image\/png\" \/>\n<meta name=\"twitter:card\" content=\"summary_large_image\" \/>\n<meta name=\"twitter:label1\" content=\"Dur\u00e9e de lecture estim\u00e9e\" \/>\n\t<meta name=\"twitter:data1\" content=\"4 minutes\" \/>\n<script type=\"application\/ld+json\" class=\"yoast-schema-graph\">{\"@context\":\"https:\\\/\\\/schema.org\",\"@graph\":[{\"@type\":\"WebPage\",\"@id\":\"https:\\\/\\\/edelweissyogachalet.com\\\/fr\\\/our-story\\\/\",\"url\":\"https:\\\/\\\/edelweissyogachalet.com\\\/fr\\\/our-story\\\/\",\"name\":\"Notre Histoire - Edelweiss Yoga Chalet\",\"isPartOf\":{\"@id\":\"https:\\\/\\\/edelweissyogachalet.com\\\/fr\\\/#website\"},\"datePublished\":\"2021-01-09T04:56:41+00:00\",\"dateModified\":\"2024-02-13T07:33:37+00:00\",\"description\":\"D\u00e9couvre notre histoire. Notre Chalet s'appel \\\"Edelweiss\\\" (Fleur sauvage qui pousse en tr\u00e8s haute altitude) car notre maman est Autrichienne ou plus exactement Tyrolienne.\",\"breadcrumb\":{\"@id\":\"https:\\\/\\\/edelweissyogachalet.com\\\/fr\\\/our-story\\\/#breadcrumb\"},\"inLanguage\":\"fr-FR\",\"potentialAction\":[{\"@type\":\"ReadAction\",\"target\":[\"https:\\\/\\\/edelweissyogachalet.com\\\/fr\\\/our-story\\\/\"]}]},{\"@type\":\"BreadcrumbList\",\"@id\":\"https:\\\/\\\/edelweissyogachalet.com\\\/fr\\\/our-story\\\/#breadcrumb\",\"itemListElement\":[{\"@type\":\"ListItem\",\"position\":1,\"name\":\"Home\",\"item\":\"https:\\\/\\\/edelweissyogachalet.com\\\/\"},{\"@type\":\"ListItem\",\"position\":2,\"name\":\"Notre Histoire\"}]},{\"@type\":\"WebSite\",\"@id\":\"https:\\\/\\\/edelweissyogachalet.com\\\/fr\\\/#website\",\"url\":\"https:\\\/\\\/edelweissyogachalet.com\\\/fr\\\/\",\"name\":\"Edelweiss Yoga Chalet\",\"description\":\"Cours et S\u00e9jours de Yoga \u00e0 Chamonix\",\"potentialAction\":[{\"@type\":\"SearchAction\",\"target\":{\"@type\":\"EntryPoint\",\"urlTemplate\":\"https:\\\/\\\/edelweissyogachalet.com\\\/fr\\\/?s={search_term_string}\"},\"query-input\":{\"@type\":\"PropertyValueSpecification\",\"valueRequired\":true,\"valueName\":\"search_term_string\"}}],\"inLanguage\":\"fr-FR\"}]}<\/script>\n<!-- \/ Yoast SEO plugin. -->","yoast_head_json":{"title":"Notre Histoire - Edelweiss Yoga Chalet","description":"D\u00e9couvre notre histoire. Notre Chalet s'appel \"Edelweiss\" (Fleur sauvage qui pousse en tr\u00e8s haute altitude) car notre maman est Autrichienne ou plus exactement Tyrolienne.","robots":{"index":"index","follow":"follow","max-snippet":"max-snippet:-1","max-image-preview":"max-image-preview:large","max-video-preview":"max-video-preview:-1"},"canonical":"https:\/\/edelweissyogachalet.com\/fr\/our-story\/","og_locale":"fr_FR","og_type":"article","og_title":"Notre Histoire - Edelweiss Yoga Chalet","og_description":"D\u00e9couvre notre histoire. Notre Chalet s'appel \"Edelweiss\" (Fleur sauvage qui pousse en tr\u00e8s haute altitude) car notre maman est Autrichienne ou plus exactement Tyrolienne.","og_url":"https:\/\/edelweissyogachalet.com\/fr\/our-story\/","og_site_name":"Edelweiss Yoga Chalet","article_publisher":"https:\/\/www.facebook.com\/Edelweissyogachalet","article_modified_time":"2024-02-13T07:33:37+00:00","og_image":[{"width":450,"height":198,"url":"https:\/\/edelweissyogachalet.com\/wp-content\/uploads\/2020\/08\/logo_Edelweiss.png","type":"image\/png"}],"twitter_card":"summary_large_image","twitter_misc":{"Dur\u00e9e de lecture estim\u00e9e":"4 minutes"},"schema":{"@context":"https:\/\/schema.org","@graph":[{"@type":"WebPage","@id":"https:\/\/edelweissyogachalet.com\/fr\/our-story\/","url":"https:\/\/edelweissyogachalet.com\/fr\/our-story\/","name":"Notre Histoire - Edelweiss Yoga Chalet","isPartOf":{"@id":"https:\/\/edelweissyogachalet.com\/fr\/#website"},"datePublished":"2021-01-09T04:56:41+00:00","dateModified":"2024-02-13T07:33:37+00:00","description":"D\u00e9couvre notre histoire. Notre Chalet s'appel \"Edelweiss\" (Fleur sauvage qui pousse en tr\u00e8s haute altitude) car notre maman est Autrichienne ou plus exactement Tyrolienne.","breadcrumb":{"@id":"https:\/\/edelweissyogachalet.com\/fr\/our-story\/#breadcrumb"},"inLanguage":"fr-FR","potentialAction":[{"@type":"ReadAction","target":["https:\/\/edelweissyogachalet.com\/fr\/our-story\/"]}]},{"@type":"BreadcrumbList","@id":"https:\/\/edelweissyogachalet.com\/fr\/our-story\/#breadcrumb","itemListElement":[{"@type":"ListItem","position":1,"name":"Home","item":"https:\/\/edelweissyogachalet.com\/"},{"@type":"ListItem","position":2,"name":"Notre Histoire"}]},{"@type":"WebSite","@id":"https:\/\/edelweissyogachalet.com\/fr\/#website","url":"https:\/\/edelweissyogachalet.com\/fr\/","name":"Edelweiss Yoga Chalet","description":"Cours et S\u00e9jours de Yoga \u00e0 Chamonix","potentialAction":[{"@type":"SearchAction","target":{"@type":"EntryPoint","urlTemplate":"https:\/\/edelweissyogachalet.com\/fr\/?s={search_term_string}"},"query-input":{"@type":"PropertyValueSpecification","valueRequired":true,"valueName":"search_term_string"}}],"inLanguage":"fr-FR"}]}},"_links":{"self":[{"href":"https:\/\/edelweissyogachalet.com\/fr\/wp-json\/wp\/v2\/pages\/3092","targetHints":{"allow":["GET"]}}],"collection":[{"href":"https:\/\/edelweissyogachalet.com\/fr\/wp-json\/wp\/v2\/pages"}],"about":[{"href":"https:\/\/edelweissyogachalet.com\/fr\/wp-json\/wp\/v2\/types\/page"}],"author":[{"embeddable":true,"href":"https:\/\/edelweissyogachalet.com\/fr\/wp-json\/wp\/v2\/users\/2"}],"replies":[{"embeddable":true,"href":"https:\/\/edelweissyogachalet.com\/fr\/wp-json\/wp\/v2\/comments?post=3092"}],"version-history":[{"count":5,"href":"https:\/\/edelweissyogachalet.com\/fr\/wp-json\/wp\/v2\/pages\/3092\/revisions"}],"predecessor-version":[{"id":4435,"href":"https:\/\/edelweissyogachalet.com\/fr\/wp-json\/wp\/v2\/pages\/3092\/revisions\/4435"}],"wp:attachment":[{"href":"https:\/\/edelweissyogachalet.com\/fr\/wp-json\/wp\/v2\/media?parent=3092"}],"curies":[{"name":"wp","href":"https:\/\/api.w.org\/{rel}","templated":true}]}}