{"id":3110,"date":"2021-01-09T07:42:37","date_gmt":"2021-01-09T06:42:37","guid":{"rendered":"https:\/\/edelweissyogachalet.com\/?page_id=3110"},"modified":"2024-01-31T07:29:15","modified_gmt":"2024-01-31T06:29:15","slug":"contact-us","status":"publish","type":"page","link":"https:\/\/edelweissyogachalet.com\/fr\/contact-us\/","title":{"rendered":"Contactez-nous"},"content":{"rendered":"<div class=\"wpb-content-wrapper\"><div class=\"ys-section vc_row wpb_row vc_row-fluid\"><div class=\"wpb_column vc_column_container vc_col-sm-12\"><div class=\"vc_column-inner\"><div class=\"wpb_wrapper\"><div class='wpb_content_element custom-title  with_title' ><div class=\"custom-title-inner align-center\" ><h2  class=\"section-title\" >Contactez-nous<\/h2><div class=\"icon-divider align-center\" ><i  class=\"svg divider1\"><\/i><\/div><\/div><div class=\"content_inner text-size-medium\"  ><\/div><\/div><div class=\"vc_empty_space\"   style=\"height: 32px\"><span class=\"vc_empty_space_inner\"><\/span><\/div><\/div><\/div><\/div><\/div><div class=\"ys-section vc_row wpb_row vc_row-fluid vc_custom_1544786914194\"><div class=\"wpb_column vc_column_container vc_col-sm-4\"><div class=\"vc_column-inner\"><div class=\"wpb_wrapper\">\r\n\t\t\t\t\r\n\t\t<div class=\"wpb_content_element contact_details contact_details_type1 map-info map-section\">\r\n\r\n\t\t\t\t\t\t\r\n\t\t\t<div class=\"our-info vr-type\">\r\n\t\t\t\r\n\t\t\t\t\t\t\t\t<div class=\"info-item\">\r\n\t\t\t\t  <i class=\"licon-map-marker\"><\/i>\r\n\t\t\t\t  <span class=\"post\">Postal Address<\/span>\r\n\t\t\t\t  \r\n\t\t\t\t\t<h6>707 route des nants, 74400 Chamonix<\/h6>\n\t\t\t\t   \r\n\t\t\t\t\t\t\t\t\t\t  <a href=\"#\" target=\"_blank\" class=\"link-text\" >GET DIRECTION<\/a>\r\n\t\t\t\t\t\t\t\t\t   \r\n\t\t\t\t<\/div>\r\n\t\t\t\t                 \r\n                \t\t\t\t\r\n\t\t\t\t\t\t\t\t\r\n                 \t\t\t\t\r\n                \t\t\t\t\r\n\t\t\t\t\t\t\t\t\r\n\t\t\t<\/div>\t\r\n        <\/div>  \r\n\t\t\t\r\n\r\n\t\t<\/div><\/div><\/div><div class=\"wpb_column vc_column_container vc_col-sm-4\"><div class=\"vc_column-inner\"><div class=\"wpb_wrapper\">\r\n\t\t\t\t\r\n\t\t<div class=\"wpb_content_element contact_details contact_details_type1 map-info map-section\">\r\n\r\n\t\t\t\t\t\t\r\n\t\t\t<div class=\"our-info vr-type\">\r\n\t\t\t\r\n\t\t\t\t                 \r\n                \t\t\t\t<div class=\"info-item\">\r\n                  <i class=\"licon-telephone\"><\/i>\r\n\t\t\t\t  <span class=\"post\">Phone Number<\/span>\r\n                 \r\n                  <h6 content=\"telephone=no\" style=\"color:#333333;\">+33(0)7 8592 1810<\/h6>\r\n                  \r\n                <\/div>\r\n\t\t\t\t\t\t\t\t\r\n\t\t\t\t\t\t\t\t\r\n                 \t\t\t\t<div class=\"info-item\">\r\n                  <i class=\"licon-at-sign\"><\/i>\r\n\t\t\t\t  <span class=\"post\">Email Address<\/span>\r\n                  <h6 style=\"color:#333333;\">mathias@edelweissyogachalet.com<\/h6>\r\n                  \r\n                <\/div>\r\n\t\t\t\t \t\t\t\t\r\n                \t\t\t\t\r\n\t\t\t\t\t\t\t\t\r\n\t\t\t<\/div>\t\r\n        <\/div>  \r\n\t\t\t\r\n\r\n\t\t<\/div><\/div><\/div><div class=\"wpb_column vc_column_container vc_col-sm-4\"><div class=\"vc_column-inner\"><div class=\"wpb_wrapper\">\r\n\t\t\t\t\r\n\t\t<div class=\"wpb_content_element contact_details contact_details_type1 map-info map-section\">\r\n\r\n\t\t\t\t\t\t\r\n\t\t\t<div class=\"our-info vr-type\">\r\n\t\t\t\r\n\t\t\t\t                 \r\n                \t\t\t\t\r\n\t\t\t\t\t\t\t\t\r\n                 \t\t\t\t\r\n                \t\t\t\t\r\n\t\t\t\t\t\t\t\t<div class=\"info-item\">\r\n                  <i class=\"licon-clock3\"><\/i>\r\n\t\t\t\t  <span class=\"post\">STAY CONNECTED<\/span>\r\n                  \r\n\t\t\t\t  <ul class=\"social-icons var2 ls-none\">\r\n\t\t\t\t  \r\n\t\t\t\t    \t\t\t\t\t\t<li ><a target=\"_blank\" href=\"https:\/\/www.facebook.com\/Edelweissyogachalet\"><i class=\"icon-facebook\"><\/i><\/a><\/li>\r\n\t\t\t\t\t\t\t\t\t\t\r\n\t\t\t\t    \t\t\t\t  \r\n\t\t\t\t   \t\t\t\t\t\r\n\t\t\t\t   \t\t\t\t\t\r\n\t\t\t\t    \t\t\t\t\t\t<li ><a target=\"_blank\" href=\"https:\/\/instagram.com\/edelweissyogachalet\"><i class=\"icon-instagram-5\"><\/i><\/a><\/li>\r\n\t\t\t\t\t\t\t\t\t\t\r\n\t\t\t\t   \t\t\t\t  \r\n\t\t\t\t  \t\t\t\t  \r\n\t\t\t\t  <\/ul>\r\n                  \r\n                <\/div>\r\n\t\t\t\t\t\t\t\t\r\n\t\t\t<\/div>\t\r\n        <\/div>  \r\n\t\t\t\r\n\r\n\t\t<\/div><\/div><\/div><\/div><div class=\"ys-section vc_row wpb_row vc_row-fluid\"><div class=\"wpb_column vc_column_container vc_col-sm-12\"><div class=\"vc_column-inner\"><div class=\"wpb_wrapper\"><div class=\"vc_empty_space\"   style=\"height: 32px\"><span class=\"vc_empty_space_inner\"><\/span><\/div><div class=\"wpb_text_column wpb_content_element\">\r\n\t\t<div class=\"wpb_wrapper\">\r\n\t\t\t<h2 style=\"text-align: center;\">Se rendre \u00e0 Chamonix<\/h2>\n<p>Se rendre \u00e0 Chamonix est facile et il existe de nombreuses options de transport. Il y a de nombreux vols quotidiens depuis et vers l\u2019a\u00e9roport de Gen\u00e8ve (\u00e0 seulement une heure de Chamonix en voiture), des liaisons autorouti\u00e8res rapides et une liaison TGV depuis Paris le week-end.<\/p>\n<p>Parmi ces options, le train est de loin le moyen de transport le plus \u00e9cologique. Si vous voyagez, veuillez compenser votre empreinte carbone et emporter la lumi\u00e8re.<\/p>\n\r\n\t\t<\/div>\r\n\t<\/div>\r\n<div class=\"vc_empty_space\"   style=\"height: 32px\"><span class=\"vc_empty_space_inner\"><\/span><\/div><\/div><\/div><\/div><div class=\"wpb_column vc_column_container vc_col-sm-4\"><div class=\"vc_column-inner\"><div class=\"wpb_wrapper\"><div class=\"wpb_text_column wpb_content_element\">\r\n\t\t<div class=\"wpb_wrapper\">\r\n\t\t\t<p style=\"text-align: center;\"><strong>EN AVION<\/strong><\/p>\n<p>Chamonix est bien desservie par les a\u00e9roports, dont le plus proche est Gen\u00e8ve (85 km) avec de nombreux vols quotidiens.<\/p>\n<p>Gen\u00e8ve 85km \u2013 1 heure<\/p>\n<p>Chamb\u00e9ry 135km \u2013 2 heures<\/p>\n<p>Lyon 220km \u2013 3 heures<\/p>\n<p>Grenoble 220 km \u2013 3 heures<\/p>\n<p><span style=\"font-family: -apple-system, BlinkMacSystemFont, 'Segoe UI', Roboto, Oxygen-Sans, Ubuntu, Cantarell, 'Helvetica Neue', sans-serif;\">Grenoble 220 km \u2013 3 hours<\/span><\/p>\n\r\n\t\t<\/div>\r\n\t<\/div>\r\n<\/div><\/div><\/div><div class=\"wpb_column vc_column_container vc_col-sm-4\"><div class=\"vc_column-inner\"><div class=\"wpb_wrapper\"><div class=\"wpb_text_column wpb_content_element\">\r\n\t\t<div class=\"wpb_wrapper\">\r\n\t\t\t<p style=\"text-align: center;\"><strong>EN TRAIN<\/strong><\/p>\n<p>Il y a un TGV de Paris du vendredi au week-end \u00e0 Chamonix Mont Blanc. Vous devez changer \u00e0 Annecy si vous voyagez un autre jour. La station alternative est Sallanches.<\/p>\n\r\n\t\t<\/div>\r\n\t<\/div>\r\n<\/div><\/div><\/div><div class=\"wpb_column vc_column_container vc_col-sm-4\"><div class=\"vc_column-inner\"><div class=\"wpb_wrapper\"><div class=\"wpb_text_column wpb_content_element\">\r\n\t\t<div class=\"wpb_wrapper\">\r\n\t\t\t<p style=\"text-align: center;\"><strong>EN VOITURE<\/strong><\/p>\n<p>Chamonix est facile d\u2019acc\u00e8s en voiture:<\/p>\n<p>Gen\u00e8ve \u2013 85km \u2013 1 heure 15 minutes<\/p>\n<p>Calais \u2013 896km \u2013 8 heures<\/p>\n<p>Paris \u2013 600km \u2013 6 heures<\/p>\n<p>Lille \u2013 826 km \u2013 7 heures 30 minutes<\/p>\n<p>Milan \u2013 240km \u2013 3 heures (via tunnel du Mont Blanc)<\/p>\n<p><span style=\"font-weight: 400;\">Milan \u2013 240km \u2013 3 hours (via Mont Blanc tunnel)<\/span><\/p>\n\r\n\t\t<\/div>\r\n\t<\/div>\r\n<\/div><\/div><\/div><\/div><div class=\"ys-section vc_row wpb_row vc_row-fluid\"><div class=\"wpb_column vc_column_container vc_col-sm-12\"><div class=\"vc_column-inner\"><div class=\"wpb_wrapper\"><div class=\"vc_empty_space\"   style=\"height: 32px\"><span class=\"vc_empty_space_inner\"><\/span><\/div><\/div><\/div><\/div><\/div><div class=\"ys-section vc_row wpb_row vc_row-fluid\"><div class=\"wpb_column vc_column_container vc_col-sm-6\"><div class=\"vc_column-inner\"><div class=\"wpb_wrapper\"><div class=\"wpb_text_column wpb_content_element\">\r\n\t\t<div class=\"wpb_wrapper\">\r\n\t\t\t<p><b>Transferts a\u00e9roport vers Chamonix<\/b><\/p>\n<p>Il existe de fr\u00e9quents services de navettes depuis Gen\u00e8ve, Chamb\u00e9ry et Grenoble ainsi que des taxis. De nombreuses entreprises proposent des transferts a\u00e9roport fiables entre l\u2019a\u00e9roport de Gen\u00e8ve et Chamonix en bus ou en taxi 7 places pour les individus partageant ou les groupes avec r\u00e9servation en ligne.<\/p>\n<p>C\u2019est notre soci\u00e9t\u00e9 de transfert pr\u00e9f\u00e9r\u00e9e (bien qu\u2019il y en ait beaucoup parmi lesquelles choisir).<\/p>\n<p>Transferts Vall\u00e9e de Chamonix<\/p>\n<p>T\u00e9l : 0033 485 80 01 32<\/p>\n<p>Courriel : <a href=\"mailto:info@chamonix-valley-transfers.com\">info@chamonix-valley-transfers.com<\/a><\/p>\n<p>Site Web : <a href=\"http:\/\/www.chamonix-valley-transfers.co.uk\">www.chamonix-valley-transfers.co.uk<\/a><\/p>\n<p>Lors de la r\u00e9servation d\u2019un transfert ou d\u2019un taxi, vous aurez besoin de l\u2019adresse de votre h\u00e9bergement. Si vous souhaitez obtenir de l\u2019aide pour r\u00e9server un transfert ou des conseils pour vous rendre \u00e0 votre h\u00e9bergement, veuillez nous contacter.<\/p>\n\r\n\t\t<\/div>\r\n\t<\/div>\r\n<div class=\"vc_empty_space\"   style=\"height: 32px\"><span class=\"vc_empty_space_inner\"><\/span><\/div><\/div><\/div><\/div><div class=\"wpb_column vc_column_container vc_col-sm-6\"><div class=\"vc_column-inner\"><div class=\"wpb_wrapper\"><div class=\"vc_empty_space\"   style=\"height: 20px\"><span class=\"vc_empty_space_inner\"><\/span><\/div><div class=\"wpb_single_image vc_align_center\" >\r\n\t\t\r\n\t\t<figure class=\"wpb_wrapper vc_figure\">\r\n\t\t\t<div class=\"vc_single_image-wrapper   vc_box_border_grey\"><img decoding=\"async\" width=\"1214\" height=\"1200\" src=\"https:\/\/edelweissyogachalet.com\/wp-content\/uploads\/2021\/01\/oscar.jpg\" class=\"vc_single_image-img attachment-full\" alt=\"Oscar\" title=\"oscar\" srcset=\"https:\/\/edelweissyogachalet.com\/wp-content\/uploads\/2021\/01\/oscar.jpg 1214w, https:\/\/edelweissyogachalet.com\/wp-content\/uploads\/2021\/01\/oscar-300x297.jpg 300w, https:\/\/edelweissyogachalet.com\/wp-content\/uploads\/2021\/01\/oscar-1024x1012.jpg 1024w, https:\/\/edelweissyogachalet.com\/wp-content\/uploads\/2021\/01\/oscar-768x759.jpg 768w, https:\/\/edelweissyogachalet.com\/wp-content\/uploads\/2021\/01\/oscar-12x12.jpg 12w, https:\/\/edelweissyogachalet.com\/wp-content\/uploads\/2021\/01\/oscar-600x593.jpg 600w, https:\/\/edelweissyogachalet.com\/wp-content\/uploads\/2021\/01\/oscar-100x100.jpg 100w\" sizes=\"(max-width: 1214px) 100vw, 1214px\" \/><\/div>\r\n\t\t<\/figure>\r\n\t<\/div><\/div><\/div><\/div><\/div><div class=\"ys-section vc_row wpb_row vc_row-fluid\"><div class=\"wpb_column vc_column_container vc_col-sm-12\"><div class=\"vc_column-inner\"><div class=\"wpb_wrapper\"><div class=\"wpb_gmaps_widget wpb_content_element\"><div class=\"wpb_wrapper\"><div class=\"wpb_map_wraper\"><iframe loading=\"lazy\" src=\"https:\/\/www.google.com\/maps\/embed?pb=!1m18!1m12!1m3!1d2774.8662934569434!2d6.871388615268418!3d45.93397207910924!2m3!1f0!2f0!3f0!3m2!1i1024!2i768!4f13.1!3m3!1m2!1s0x47894ddb1d4536bd%3A0xdf56074911f8025!2s707%20Route%20des%20Nants%2C%2074400%20Chamonix-Mont-Blanc%2C%20France!5e0!3m2!1sen!2sau!4v1594857031297!5m2!1sen!2sau\" width=\"600\" height=\"450\" frameborder=\"0\" style=\"border:0;\" allowfullscreen=\"\" aria-hidden=\"false\" tabindex=\"0\"><\/iframe><\/div><\/div><\/div><div class=\"vc_empty_space\"   style=\"height: 32px\"><span class=\"vc_empty_space_inner\"><\/span><\/div><\/div><\/div><\/div><\/div><div data-vc-full-width=\"true\" data-vc-full-width-init=\"false\" data-vc-parallax=\"1.5\" data-vc-parallax-image=\"https:\/\/edelweissyogachalet.com\/wp-content\/uploads\/2018\/12\/contact_bg.jpg\" class=\"ys-section vc_row wpb_row vc_row-fluid vc_custom_1543874286910 vc_row-has-fill vc_general vc_parallax vc_parallax-content-moving\"><div class=\"wpb_column vc_column_container vc_col-sm-12\"><div class=\"vc_column-inner vc_custom_1543304634454\"><div class=\"wpb_wrapper\">\n<div class=\"wpcf7 no-js\" id=\"wpcf7-f1143-o1\" lang=\"en-US\" dir=\"ltr\" data-wpcf7-id=\"1143\">\n<div class=\"screen-reader-response\"><p role=\"status\" aria-live=\"polite\" aria-atomic=\"true\"><\/p> <ul><\/ul><\/div>\n<form action=\"\/fr\/wp-json\/wp\/v2\/pages\/3110#wpcf7-f1143-o1\" method=\"post\" class=\"wpcf7-form init\" aria-label=\"Contact form\" novalidate=\"novalidate\" data-status=\"init\" data-trp-original-action=\"\/fr\/wp-json\/wp\/v2\/pages\/3110#wpcf7-f1143-o1\">\n<fieldset class=\"hidden-fields-container\"><input type=\"hidden\" name=\"_wpcf7\" value=\"1143\" \/><input type=\"hidden\" name=\"_wpcf7_version\" value=\"6.1.5\" \/><input type=\"hidden\" name=\"_wpcf7_locale\" value=\"en_US\" \/><input type=\"hidden\" name=\"_wpcf7_unit_tag\" value=\"wpcf7-f1143-o1\" \/><input type=\"hidden\" name=\"_wpcf7_container_post\" value=\"0\" \/><input type=\"hidden\" name=\"_wpcf7_posted_data_hash\" value=\"\" \/><input type=\"hidden\" name=\"lang\" value=\"fr\" \/><input type=\"hidden\" name=\"_wpcf7_recaptcha_response\" value=\"\" \/>\n<\/fieldset>\n<div class=\"content-element5 text-color-light\">\n\t<div class=\"section-pre-title\">\n\t\t<p>HAVE A QUESTION?\n\t\t<\/p>\n\t<\/div>\n\t<h2 class=\"section-title\">Contact Us\n\t<\/h2>\n<\/div>\n<p class=\"content-element3\" style=\"color:#fff;\">Feel free to send us any questions you may have. We are happy to answer them.\n<\/p>\n<div class=\"contact-item var2\">\n\t<p><label>Votre nom (requis)<\/label><span class=\"wpcf7-form-control-wrap\" data-name=\"your-name\"><input size=\"40\" maxlength=\"400\" class=\"wpcf7-form-control wpcf7-text wpcf7-validates-as-required\" aria-required=\"true\" aria-invalid=\"false\" value=\"\" type=\"text\" name=\"your-name\" \/><\/span>\n\t<\/p>\n<\/div>\n<div class=\"contact-item var2\">\n\t<p><label>Votre Email (requis)<\/label><span class=\"wpcf7-form-control-wrap\" data-name=\"your-email\"><input size=\"40\" maxlength=\"400\" class=\"wpcf7-form-control wpcf7-email wpcf7-validates-as-required wpcf7-text wpcf7-validates-as-email\" aria-required=\"true\" aria-invalid=\"false\" value=\"\" type=\"email\" name=\"your-email\" \/><\/span>\n\t<\/p>\n<\/div>\n<div class=\"contact-item var2\">\n\t<p><label>Sujet<\/label><span class=\"wpcf7-form-control-wrap\" data-name=\"your-subject\"><input size=\"40\" maxlength=\"400\" class=\"wpcf7-form-control wpcf7-text\" aria-invalid=\"false\" value=\"\" type=\"text\" name=\"your-subject\" \/><\/span>\n\t<\/p>\n<\/div>\n<div class=\"contact-item var2\">\n\t<p><label>Message<\/label><span class=\"wpcf7-form-control-wrap\" data-name=\"your-message\"><textarea cols=\"10\" rows=\"5\" maxlength=\"2000\" class=\"wpcf7-form-control wpcf7-textarea\" id=\"contact-message\" aria-invalid=\"false\" name=\"your-message\"><\/textarea><\/span>\n\t<\/p>\n<\/div>\n<div class=\"contact-item var2\">\n\t<p><input class=\"wpcf7-form-control wpcf7-submit has-spinner btn btn-style-3\" type=\"submit\" value=\"Envoyer\" \/>\n\t<\/p>\n<\/div><div class=\"wpcf7-response-output\" aria-hidden=\"true\"><\/div>\n<input type=\"hidden\" name=\"trp-form-language\" value=\"fr\"\/><\/form>\n<\/div>\n<\/div><\/div><\/div><\/div><div class=\"vc_row-full-width vc_clearfix\"><\/div>\n<\/div>","protected":false},"excerpt":{"rendered":"Contactez-nous Postal Address 707 route des nants, 74400 Chamonix GET DIRECTION Phone Number +33(0)7 8592 1810 Email Address mathias@edelweissyogachalet.com STAY CONNECTED Se rendre \u00e0 Chamonix Se rendre \u00e0 Chamonix est facile et il existe de nombreuses options de transport. Il y a de nombreux vols quotidiens depuis et vers l\u2019a\u00e9roport de Gen\u00e8ve (\u00e0 seulement une [...]","protected":false},"author":2,"featured_media":0,"parent":0,"menu_order":0,"comment_status":"closed","ping_status":"closed","template":"","meta":{"nf_dc_page":"","_monsterinsights_skip_tracking":false,"_monsterinsights_sitenote_active":false,"_monsterinsights_sitenote_note":"","_monsterinsights_sitenote_category":0,"footnotes":""},"class_list":["post-3110","page","type-page","status-publish","hentry"],"yoast_head":"<!-- This site is optimized with the Yoast SEO plugin v27.4 - https:\/\/yoast.com\/product\/yoast-seo-wordpress\/ -->\n<title>Contactez-nous - Edelweiss Yoga Chalet<\/title>\n<meta name=\"description\" content=\"Des questions ? Contactez-nous, nous serons heureux de r\u00e9pondre \u00e0 toutes vos demandes.\" \/>\n<meta name=\"robots\" content=\"index, follow, max-snippet:-1, max-image-preview:large, max-video-preview:-1\" \/>\n<link rel=\"canonical\" href=\"https:\/\/edelweissyogachalet.com\/fr\/contact-us\/\" \/>\n<meta property=\"og:locale\" content=\"fr_FR\" \/>\n<meta property=\"og:locale:alternate\" content=\"en_GB\" \/>\n<meta property=\"og:type\" content=\"article\" \/>\n<meta property=\"og:title\" content=\"Contactez-nous - Edelweiss Yoga Chalet\" \/>\n<meta property=\"og:description\" content=\"Des questions ? Contactez-nous, nous serons heureux de r\u00e9pondre \u00e0 toutes vos demandes.\" \/>\n<meta property=\"og:url\" content=\"https:\/\/edelweissyogachalet.com\/fr\/contact-us\/\" \/>\n<meta property=\"og:site_name\" content=\"Edelweiss Yoga Chalet\" \/>\n<meta property=\"article:publisher\" content=\"https:\/\/www.facebook.com\/Edelweissyogachalet\" \/>\n<meta property=\"article:modified_time\" content=\"2024-01-31T06:29:15+00:00\" \/>\n<meta property=\"og:image\" content=\"https:\/\/edelweissyogachalet.com\/wp-content\/uploads\/2020\/08\/logo_Edelweiss.png\" \/>\n\t<meta property=\"og:image:width\" content=\"450\" \/>\n\t<meta property=\"og:image:height\" content=\"198\" \/>\n\t<meta property=\"og:image:type\" content=\"image\/png\" \/>\n<meta name=\"twitter:card\" content=\"summary_large_image\" \/>\n<meta name=\"twitter:label1\" content=\"Dur\u00e9e de lecture estim\u00e9e\" \/>\n\t<meta name=\"twitter:data1\" content=\"2 minutes\" \/>\n<script type=\"application\/ld+json\" class=\"yoast-schema-graph\">{\"@context\":\"https:\\\/\\\/schema.org\",\"@graph\":[{\"@type\":\"WebPage\",\"@id\":\"https:\\\/\\\/edelweissyogachalet.com\\\/contact-us\\\/\",\"url\":\"https:\\\/\\\/edelweissyogachalet.com\\\/contact-us\\\/\",\"name\":\"Contactez-nous - Edelweiss Yoga Chalet\",\"isPartOf\":{\"@id\":\"https:\\\/\\\/edelweissyogachalet.com\\\/fr\\\/#website\"},\"datePublished\":\"2021-01-09T06:42:37+00:00\",\"dateModified\":\"2024-01-31T06:29:15+00:00\",\"description\":\"Des questions ? Contactez-nous, nous serons heureux de r\u00e9pondre \u00e0 toutes vos demandes.\",\"breadcrumb\":{\"@id\":\"https:\\\/\\\/edelweissyogachalet.com\\\/contact-us\\\/#breadcrumb\"},\"inLanguage\":\"fr-FR\",\"potentialAction\":[{\"@type\":\"ReadAction\",\"target\":[\"https:\\\/\\\/edelweissyogachalet.com\\\/contact-us\\\/\"]}]},{\"@type\":\"BreadcrumbList\",\"@id\":\"https:\\\/\\\/edelweissyogachalet.com\\\/contact-us\\\/#breadcrumb\",\"itemListElement\":[{\"@type\":\"ListItem\",\"position\":1,\"name\":\"Home\",\"item\":\"https:\\\/\\\/edelweissyogachalet.com\\\/\"},{\"@type\":\"ListItem\",\"position\":2,\"name\":\"Contact Us\"}]},{\"@type\":\"WebSite\",\"@id\":\"https:\\\/\\\/edelweissyogachalet.com\\\/fr\\\/#website\",\"url\":\"https:\\\/\\\/edelweissyogachalet.com\\\/fr\\\/\",\"name\":\"Edelweiss Yoga Chalet\",\"description\":\"Cours et S\u00e9jours de Yoga \u00e0 Chamonix\",\"potentialAction\":[{\"@type\":\"SearchAction\",\"target\":{\"@type\":\"EntryPoint\",\"urlTemplate\":\"https:\\\/\\\/edelweissyogachalet.com\\\/fr\\\/?s={search_term_string}\"},\"query-input\":{\"@type\":\"PropertyValueSpecification\",\"valueRequired\":true,\"valueName\":\"search_term_string\"}}],\"inLanguage\":\"fr-FR\"}]}<\/script>\n<!-- \/ Yoast SEO plugin. -->","yoast_head_json":{"title":"Contactez-nous - Edelweiss Yoga Chalet","description":"Des questions ? Contactez-nous, nous serons heureux de r\u00e9pondre \u00e0 toutes vos demandes.","robots":{"index":"index","follow":"follow","max-snippet":"max-snippet:-1","max-image-preview":"max-image-preview:large","max-video-preview":"max-video-preview:-1"},"canonical":"https:\/\/edelweissyogachalet.com\/fr\/contact-us\/","og_locale":"fr_FR","og_type":"article","og_title":"Contactez-nous - Edelweiss Yoga Chalet","og_description":"Des questions ? Contactez-nous, nous serons heureux de r\u00e9pondre \u00e0 toutes vos demandes.","og_url":"https:\/\/edelweissyogachalet.com\/fr\/contact-us\/","og_site_name":"Edelweiss Yoga Chalet","article_publisher":"https:\/\/www.facebook.com\/Edelweissyogachalet","article_modified_time":"2024-01-31T06:29:15+00:00","og_image":[{"width":450,"height":198,"url":"https:\/\/edelweissyogachalet.com\/wp-content\/uploads\/2020\/08\/logo_Edelweiss.png","type":"image\/png"}],"twitter_card":"summary_large_image","twitter_misc":{"Dur\u00e9e de lecture estim\u00e9e":"2 minutes"},"schema":{"@context":"https:\/\/schema.org","@graph":[{"@type":"WebPage","@id":"https:\/\/edelweissyogachalet.com\/contact-us\/","url":"https:\/\/edelweissyogachalet.com\/contact-us\/","name":"Contactez-nous - Edelweiss Yoga Chalet","isPartOf":{"@id":"https:\/\/edelweissyogachalet.com\/fr\/#website"},"datePublished":"2021-01-09T06:42:37+00:00","dateModified":"2024-01-31T06:29:15+00:00","description":"Des questions ? Contactez-nous, nous serons heureux de r\u00e9pondre \u00e0 toutes vos demandes.","breadcrumb":{"@id":"https:\/\/edelweissyogachalet.com\/contact-us\/#breadcrumb"},"inLanguage":"fr-FR","potentialAction":[{"@type":"ReadAction","target":["https:\/\/edelweissyogachalet.com\/contact-us\/"]}]},{"@type":"BreadcrumbList","@id":"https:\/\/edelweissyogachalet.com\/contact-us\/#breadcrumb","itemListElement":[{"@type":"ListItem","position":1,"name":"Home","item":"https:\/\/edelweissyogachalet.com\/"},{"@type":"ListItem","position":2,"name":"Contact Us"}]},{"@type":"WebSite","@id":"https:\/\/edelweissyogachalet.com\/fr\/#website","url":"https:\/\/edelweissyogachalet.com\/fr\/","name":"Edelweiss Yoga Chalet","description":"Cours et S\u00e9jours de Yoga \u00e0 Chamonix","potentialAction":[{"@type":"SearchAction","target":{"@type":"EntryPoint","urlTemplate":"https:\/\/edelweissyogachalet.com\/fr\/?s={search_term_string}"},"query-input":{"@type":"PropertyValueSpecification","valueRequired":true,"valueName":"search_term_string"}}],"inLanguage":"fr-FR"}]}},"_links":{"self":[{"href":"https:\/\/edelweissyogachalet.com\/fr\/wp-json\/wp\/v2\/pages\/3110","targetHints":{"allow":["GET"]}}],"collection":[{"href":"https:\/\/edelweissyogachalet.com\/fr\/wp-json\/wp\/v2\/pages"}],"about":[{"href":"https:\/\/edelweissyogachalet.com\/fr\/wp-json\/wp\/v2\/types\/page"}],"author":[{"embeddable":true,"href":"https:\/\/edelweissyogachalet.com\/fr\/wp-json\/wp\/v2\/users\/2"}],"replies":[{"embeddable":true,"href":"https:\/\/edelweissyogachalet.com\/fr\/wp-json\/wp\/v2\/comments?post=3110"}],"version-history":[{"count":5,"href":"https:\/\/edelweissyogachalet.com\/fr\/wp-json\/wp\/v2\/pages\/3110\/revisions"}],"predecessor-version":[{"id":4305,"href":"https:\/\/edelweissyogachalet.com\/fr\/wp-json\/wp\/v2\/pages\/3110\/revisions\/4305"}],"wp:attachment":[{"href":"https:\/\/edelweissyogachalet.com\/fr\/wp-json\/wp\/v2\/media?parent=3110"}],"curies":[{"name":"wp","href":"https:\/\/api.w.org\/{rel}","templated":true}]}}