{"id":3117,"date":"2021-01-09T07:56:21","date_gmt":"2021-01-09T06:56:21","guid":{"rendered":"https:\/\/edelweissyogachalet.com\/?page_id=3117"},"modified":"2024-02-08T08:04:18","modified_gmt":"2024-02-08T07:04:18","slug":"nos-sejours","status":"publish","type":"page","link":"https:\/\/edelweissyogachalet.com\/fr\/nos-sejours\/","title":{"rendered":"Nos s\u00e9jours"},"content":{"rendered":"<div class=\"wpb-content-wrapper\"><div class=\"ys-section vc_row wpb_row vc_row-fluid\"><div class=\"wpb_column vc_column_container vc_col-sm-12\"><div class=\"vc_column-inner \"><div class=\"wpb_wrapper\"><div class='wpb_content_element custom-title  with_title  with_divider ' ><div class=\"custom-title-inner align-center\" ><h2  class=\"section-title\" >Our Retreats, Trekking &amp; Yoga Holidays<\/h2><div class=\"icon-divider align-center\" ><i style=\"background:#67c2b4;\" class=\"svg divider2\"><\/i><\/div><\/div><div class=\"content_inner text-size-medium\"  ><\/div><\/div><div class=\"vc_empty_space\"   style=\"height: 60px\"><span class=\"vc_empty_space_inner\"><\/span><\/div>\r\n\t\t<div class=\"wpb_content_element custom_products\">\r\n\r\n\t\t\t\r\n\t\t\t\t\r\n\t\t\t\t\t\t\t\t\r\n\t\t\t\t                \r\n                \r\n\t\t\t\t<div class=\"ys-products-holder woocommerce ys-view-grid columns-4 cp-paginate-none\">\r\n\r\n\t\t\t\t\t<ul class=\"products columns-4\">\n\r\n\t\t\t\t\t\r\n\t\t\t\t\t\t<li class=\"ys-new-badge product type-product post-4586 status-publish first instock product_cat-sejours product_cat-yoga-fr product_tag-chill product_tag-yoga product_tag-yoga-chamonix product_tag-yoga-retreat-chamonix has-post-thumbnail shipping-taxable purchasable product-type-variable\">\n\t\r\n\t\t\t\t\t\t\r\n\t\t\t\t\t\t\t <div class=\"product-image\">\r\n                    <a href=\"https:\/\/edelweissyogachalet.com\/fr\/produit\/22052025\/\"><img decoding=\"async\" width=\"600\" height=\"600\" src=\"https:\/\/edelweissyogachalet.com\/wp-content\/uploads\/2024\/01\/4ab972cc-6f98-4015-9d49-b2abad24bce5.jpeg\" alt='Retraites Vacances de Yoga &#8211; Mai 2026' \/><\/a>\r\n\r\n                  <\/div>\r\n\t\t\t\t\t\t\r\n\t\t\t<div class=\"product-description\">\r\n\t\t\t<span class=\"posted_in\"><a href=\"https:\/\/edelweissyogachalet.com\/fr\/categorie-produit\/sejours\/\" rel=\"tag\">S\u00e9jours<\/a>, <a href=\"https:\/\/edelweissyogachalet.com\/fr\/categorie-produit\/sejours\/yoga-fr\/\" rel=\"tag\">Yoga<\/a><\/span><h6 class=\"product-name\"><a href=\"https:\/\/edelweissyogachalet.com\/fr\/produit\/22052025\/\">Retraites Vacances de Yoga &#8211; Mai 2026<\/a><\/h6><div class=\"pricing-area\">\n\t<span class=\"price\"><span class=\"woocommerce-Price-amount amount\" aria-hidden=\"true\">690.00<span class=\"woocommerce-Price-currencySymbol\">&euro;<\/span><\/span> <span aria-hidden=\"true\">\u00a0\u2013\u00a0<\/span> <span class=\"woocommerce-Price-amount amount\" aria-hidden=\"true\">2,190.00<span class=\"woocommerce-Price-currencySymbol\">&euro;<\/span><\/span><span class=\"screen-reader-text\">Plage de prix\u00a0: 690.00&euro; \u00e0 2,190.00&euro;<\/span><\/span>\n<\/div><a href=\"https:\/\/edelweissyogachalet.com\/fr\/produit\/22052025\/\" data-quantity=\"1\" class=\"button product_type_variable add_to_cart_button btn btn-small btn-style-3\" data-product_id=\"4586\" data-product_sku=\"YMV-2-1-1-2-1-3-2-1-1-1\" aria-label=\"S\u00e9lectionner les options pour &ldquo;Retraites Vacances de Yoga - Mai 2026&rdquo;\" rel=\"nofollow\">Choix des options<\/a><\/div><\/li>\n\r\n\t\t\t\t\t\r\n\t\t\t\t\t<\/ul>\n                    \r\n                    <\/div>\r\n                    \r\n                    \r\n\t\t\t\t\t                    \r\n                    \r\n\t\t\t\t\r\n\r\n\t\t\t\r\n\t\t<\/div>\r\n\r\n\t\t\r\n\t\t\n\t<div class=\"wpb_raw_code wpb_raw_js\" >\n\t\t<div class=\"wpb_wrapper\">\n\t\t\t<script>if(jQuery(\".product-image a\").text().length){jQuery(\".product-image a\").each(function(){jQuery(this).html(jQuery(this).text())});}\n\/* put the date in the title on the next line *\/\nconst prName = jQuery(\".product-name\");\n\nif (prName.length)\n{\n\tprName.each(function()\n\t{\n\t\tif (jQuery(this).text().includes(\" \u2013 \"))\n\t\t{\n\t\t\tconst splitDate = jQuery(this).text().split(\" \u2013 \");\n\n\t\t\tjQuery(this).children().eq(0).text(splitDate[0]);\n\t\t\tjQuery(`<div class=\"prDate\">${splitDate[1]}<\/div>`).insertAfter(jQuery(this));\n\t\t}\n\t});\n}<\/script>\n\t\t<\/div>\n\t<\/div>\n<\/div><\/div><\/div><\/div>\n<\/div>","protected":false},"excerpt":{"rendered":"Alchimie int\u00e9rieure\u00a0: le voyage vers le c\u0153ur Rejoignez-nous pour une exp\u00e9rience de d\u00e9couverte de soi\u00a0 en adoptant l'id\u00e9e de \u00ab vivre avec un c\u0153ur ouvert \u00bb en comprenant l'amour comme une \u00e9nergie universelle qui transcende tout. Bienvenue dans cette retraite, o\u00f9 Mathias et sa communaut\u00e9 vous invitent pour un voyage o\u00f9 vous plongerez dans la [...]","protected":false},"author":2,"featured_media":0,"parent":0,"menu_order":0,"comment_status":"closed","ping_status":"closed","template":"","meta":{"nf_dc_page":"","_monsterinsights_skip_tracking":false,"_monsterinsights_sitenote_active":false,"_monsterinsights_sitenote_note":"","_monsterinsights_sitenote_category":0,"footnotes":""},"class_list":["post-3117","page","type-page","status-publish","hentry"],"yoast_head":"<!-- This site is optimized with the Yoast SEO plugin v27.4 - https:\/\/yoast.com\/product\/yoast-seo-wordpress\/ -->\n<title>Nos s\u00e9jours - Edelweiss Yoga Chalet<\/title>\n<meta name=\"description\" content=\"Nous sommes heureux d&#039;accueillir tous ceux qui souhaitent se d\u00e9connecter et se retrouver, au plus proche de la nature, au Chalet Edelweiss.\" \/>\n<meta name=\"robots\" content=\"index, follow, max-snippet:-1, max-image-preview:large, max-video-preview:-1\" \/>\n<link rel=\"canonical\" href=\"https:\/\/edelweissyogachalet.com\/fr\/nos-sejours\/\" \/>\n<meta property=\"og:locale\" content=\"fr_FR\" \/>\n<meta property=\"og:locale:alternate\" content=\"en_GB\" \/>\n<meta property=\"og:type\" content=\"article\" \/>\n<meta property=\"og:title\" content=\"Nos s\u00e9jours - Edelweiss Yoga Chalet\" \/>\n<meta property=\"og:url\" content=\"https:\/\/edelweissyogachalet.com\/fr\/produit\/22052025\/\" \/>\n<meta property=\"og:site_name\" content=\"Edelweiss Yoga Chalet\" \/>\n<meta property=\"article:publisher\" content=\"https:\/\/www.facebook.com\/Edelweissyogachalet\" \/>\n<meta property=\"article:modified_time\" content=\"2024-02-08T07:04:18+00:00\" \/>\n<meta property=\"og:image\" content=\"https:\/\/edelweissyogachalet.com\/wp-content\/uploads\/2020\/08\/logo_Edelweiss.png\" \/>\n\t<meta property=\"og:image:width\" content=\"450\" \/>\n\t<meta property=\"og:image:height\" content=\"198\" \/>\n\t<meta property=\"og:image:type\" content=\"image\/png\" \/>\n<meta name=\"twitter:card\" content=\"summary_large_image\" \/>\n<meta name=\"twitter:label1\" content=\"Dur\u00e9e de lecture estim\u00e9e\" \/>\n\t<meta name=\"twitter:data1\" content=\"1 minute\" \/>\n<script type=\"application\/ld+json\" class=\"yoast-schema-graph\">{\"@context\":\"https:\\\/\\\/schema.org\",\"@graph\":[{\"@type\":\"WebPage\",\"@id\":\"https:\\\/\\\/edelweissyogachalet.com\\\/fr\\\/nos-sejours\\\/\",\"url\":\"https:\\\/\\\/edelweissyogachalet.com\\\/fr\\\/nos-sejours\\\/\",\"name\":\"Nos s\u00e9jours - Edelweiss Yoga Chalet\",\"isPartOf\":{\"@id\":\"https:\\\/\\\/edelweissyogachalet.com\\\/fr\\\/#website\"},\"datePublished\":\"2021-01-09T06:56:21+00:00\",\"dateModified\":\"2024-02-08T07:04:18+00:00\",\"breadcrumb\":{\"@id\":\"https:\\\/\\\/edelweissyogachalet.com\\\/fr\\\/nos-sejours\\\/#breadcrumb\"},\"inLanguage\":\"fr-FR\",\"potentialAction\":[{\"@type\":\"ReadAction\",\"target\":[\"https:\\\/\\\/edelweissyogachalet.com\\\/fr\\\/nos-sejours\\\/\"]}]},{\"@type\":\"BreadcrumbList\",\"@id\":\"https:\\\/\\\/edelweissyogachalet.com\\\/fr\\\/nos-sejours\\\/#breadcrumb\",\"itemListElement\":[{\"@type\":\"ListItem\",\"position\":1,\"name\":\"Home\",\"item\":\"https:\\\/\\\/edelweissyogachalet.com\\\/\"},{\"@type\":\"ListItem\",\"position\":2,\"name\":\"Nos s\u00e9jours\"}]},{\"@type\":\"WebSite\",\"@id\":\"https:\\\/\\\/edelweissyogachalet.com\\\/fr\\\/#website\",\"url\":\"https:\\\/\\\/edelweissyogachalet.com\\\/fr\\\/\",\"name\":\"Edelweiss Yoga Chalet\",\"description\":\"Cours et S\u00e9jours de Yoga \u00e0 Chamonix\",\"potentialAction\":[{\"@type\":\"SearchAction\",\"target\":{\"@type\":\"EntryPoint\",\"urlTemplate\":\"https:\\\/\\\/edelweissyogachalet.com\\\/fr\\\/?s={search_term_string}\"},\"query-input\":{\"@type\":\"PropertyValueSpecification\",\"valueRequired\":true,\"valueName\":\"search_term_string\"}}],\"inLanguage\":\"fr-FR\"}]}<\/script>\n<!-- \/ Yoast SEO plugin. -->","yoast_head_json":{"title":"Nos s\u00e9jours - Edelweiss Yoga Chalet","description":"Nous sommes heureux d'accueillir tous ceux qui souhaitent se d\u00e9connecter et se retrouver, au plus proche de la nature, au Chalet Edelweiss.","robots":{"index":"index","follow":"follow","max-snippet":"max-snippet:-1","max-image-preview":"max-image-preview:large","max-video-preview":"max-video-preview:-1"},"canonical":"https:\/\/edelweissyogachalet.com\/fr\/nos-sejours\/","og_locale":"fr_FR","og_type":"article","og_title":"Nos s\u00e9jours - Edelweiss Yoga Chalet","og_url":"https:\/\/edelweissyogachalet.com\/fr\/produit\/22052025\/","og_site_name":"Edelweiss Yoga Chalet","article_publisher":"https:\/\/www.facebook.com\/Edelweissyogachalet","article_modified_time":"2024-02-08T07:04:18+00:00","og_image":[{"width":450,"height":198,"url":"https:\/\/edelweissyogachalet.com\/wp-content\/uploads\/2020\/08\/logo_Edelweiss.png","type":"image\/png"}],"twitter_card":"summary_large_image","twitter_misc":{"Dur\u00e9e de lecture estim\u00e9e":"1 minute"},"schema":{"@context":"https:\/\/schema.org","@graph":[{"@type":"WebPage","@id":"https:\/\/edelweissyogachalet.com\/fr\/nos-sejours\/","url":"https:\/\/edelweissyogachalet.com\/fr\/nos-sejours\/","name":"Nos s\u00e9jours - Edelweiss Yoga Chalet","isPartOf":{"@id":"https:\/\/edelweissyogachalet.com\/fr\/#website"},"datePublished":"2021-01-09T06:56:21+00:00","dateModified":"2024-02-08T07:04:18+00:00","breadcrumb":{"@id":"https:\/\/edelweissyogachalet.com\/fr\/nos-sejours\/#breadcrumb"},"inLanguage":"fr-FR","potentialAction":[{"@type":"ReadAction","target":["https:\/\/edelweissyogachalet.com\/fr\/nos-sejours\/"]}]},{"@type":"BreadcrumbList","@id":"https:\/\/edelweissyogachalet.com\/fr\/nos-sejours\/#breadcrumb","itemListElement":[{"@type":"ListItem","position":1,"name":"Home","item":"https:\/\/edelweissyogachalet.com\/"},{"@type":"ListItem","position":2,"name":"Nos s\u00e9jours"}]},{"@type":"WebSite","@id":"https:\/\/edelweissyogachalet.com\/fr\/#website","url":"https:\/\/edelweissyogachalet.com\/fr\/","name":"Edelweiss Yoga Chalet","description":"Cours et S\u00e9jours de Yoga \u00e0 Chamonix","potentialAction":[{"@type":"SearchAction","target":{"@type":"EntryPoint","urlTemplate":"https:\/\/edelweissyogachalet.com\/fr\/?s={search_term_string}"},"query-input":{"@type":"PropertyValueSpecification","valueRequired":true,"valueName":"search_term_string"}}],"inLanguage":"fr-FR"}]}},"_links":{"self":[{"href":"https:\/\/edelweissyogachalet.com\/fr\/wp-json\/wp\/v2\/pages\/3117","targetHints":{"allow":["GET"]}}],"collection":[{"href":"https:\/\/edelweissyogachalet.com\/fr\/wp-json\/wp\/v2\/pages"}],"about":[{"href":"https:\/\/edelweissyogachalet.com\/fr\/wp-json\/wp\/v2\/types\/page"}],"author":[{"embeddable":true,"href":"https:\/\/edelweissyogachalet.com\/fr\/wp-json\/wp\/v2\/users\/2"}],"replies":[{"embeddable":true,"href":"https:\/\/edelweissyogachalet.com\/fr\/wp-json\/wp\/v2\/comments?post=3117"}],"version-history":[{"count":6,"href":"https:\/\/edelweissyogachalet.com\/fr\/wp-json\/wp\/v2\/pages\/3117\/revisions"}],"predecessor-version":[{"id":4410,"href":"https:\/\/edelweissyogachalet.com\/fr\/wp-json\/wp\/v2\/pages\/3117\/revisions\/4410"}],"wp:attachment":[{"href":"https:\/\/edelweissyogachalet.com\/fr\/wp-json\/wp\/v2\/media?parent=3117"}],"curies":[{"name":"wp","href":"https:\/\/api.w.org\/{rel}","templated":true}]}}