{"id":3121,"date":"2021-01-09T08:09:11","date_gmt":"2021-01-09T07:09:11","guid":{"rendered":"https:\/\/edelweissyogachalet.com\/?page_id=3121"},"modified":"2021-02-17T09:11:17","modified_gmt":"2021-02-17T08:11:17","slug":"le-chalet","status":"publish","type":"page","link":"https:\/\/edelweissyogachalet.com\/fr\/le-chalet\/","title":{"rendered":"Le Chalet"},"content":{"rendered":"<div class=\"wpb-content-wrapper\"><div class=\"ys-section vc_row wpb_row vc_row-fluid\"><div class=\"wpb_column vc_column_container vc_col-sm-12\"><div class=\"vc_column-inner\"><div class=\"wpb_wrapper\"><div class='wpb_content_element custom-title  with_title' ><div class=\"custom-title-inner align-center\" ><h2  class=\"section-title\" >Le Chalet<\/h2><div class=\"icon-divider align-center\" ><i  class=\"svg divider1\"><\/i><\/div><\/div><div class=\"content_inner text-size-medium\"  ><\/div><\/div><div class=\"vc_empty_space\"   style=\"height: 32px\"><span class=\"vc_empty_space_inner\"><\/span><\/div><\/div><\/div><\/div><\/div><div class=\"ys-section vc_row wpb_row vc_row-fluid\"><div class=\"wpb_column vc_column_container vc_col-sm-4\"><div class=\"vc_column-inner\"><div class=\"wpb_wrapper\"><div class=\"wpb_single_image vc_align_center\" >\r\n\t\t\r\n\t\t<figure class=\"wpb_wrapper vc_figure\">\r\n\t\t\t<div class=\"vc_single_image-wrapper   vc_box_border_grey\"><img decoding=\"async\" width=\"704\" height=\"916\" src=\"https:\/\/edelweissyogachalet.com\/wp-content\/uploads\/2021\/01\/chalet.jpg\" class=\"vc_single_image-img attachment-full\" alt=\"Edelweiss Yoga Chalet\" title=\"chalet\" srcset=\"https:\/\/edelweissyogachalet.com\/wp-content\/uploads\/2021\/01\/chalet.jpg 704w, https:\/\/edelweissyogachalet.com\/wp-content\/uploads\/2021\/01\/chalet-231x300.jpg 231w, https:\/\/edelweissyogachalet.com\/wp-content\/uploads\/2021\/01\/chalet-9x12.jpg 9w, https:\/\/edelweissyogachalet.com\/wp-content\/uploads\/2021\/01\/chalet-600x781.jpg 600w\" sizes=\"(max-width: 704px) 100vw, 704px\" \/><\/div>\r\n\t\t<\/figure>\r\n\t<\/div><div class=\"vc_empty_space\"   style=\"height: 32px\"><span class=\"vc_empty_space_inner\"><\/span><\/div><\/div><\/div><\/div><div class=\"wpb_column vc_column_container vc_col-sm-8\"><div class=\"vc_column-inner\"><div class=\"wpb_wrapper\"><div class=\"wpb_text_column wpb_content_element\">\r\n\t\t<div class=\"wpb_wrapper\">\r\n\t\t\t<p><span style=\"font-weight: 400;\">Le Chalet Edelweiss est situ\u00e9 \u00e0 Chamonix &#8211; 1000 m\u00e8tres d\u2019altitude &#8211; \u00e0 quelques minutes \u00e0 pied du centre-ville.\u00a0Il a appartenu \u00e0 Maurice Herzog, chef de l\u2019exp\u00e9dition vainqueur de l\u2019Annapurna, qui, en 1950, fut le premier sommet de 8000 m\u00e8tres \u00e0 \u00eatre gravi par l\u2019homme.\u00a0\u00a0\u00a0 \u00a0\u00a0\u00a0 \u00a0\u00a0\u00a0<\/span><\/p>\n<p><span style=\"font-weight: 400;\">Construit essentiellement \u00e0 partir de m\u00e9l\u00e8ze, le bois de notre r\u00e9gion, le Chalet poss\u00e8de une atmosph\u00e8re chaleureuse, m\u00e9lange d\u2019une d\u00e9coration inspir\u00e9e de la culture alpine Autrichienne et de la culture Himalayenne.\u00a0<\/span><\/p>\n<p><span style=\"font-weight: 400;\">Une vaste terrasse permet la pratique du Yoga dans une des plus belles Yoga Shala de montagne. Le jardin est am\u00e9nag\u00e9 pour des pratiques sur l\u2019herbe, en connexion direct avec la terre. <\/span><\/p>\n\r\n\t\t<\/div>\r\n\t<\/div>\r\n<\/div><\/div><\/div><\/div><div class=\"ys-section vc_row wpb_row vc_row-fluid\"><div class=\"wpb_column vc_column_container vc_col-sm-4\"><div class=\"vc_column-inner\"><div class=\"wpb_wrapper\">\r\n\t\t\t\t<div class=\"wpb_content_element ys-info-boxes\">\r\n\r\n\t\t\t\t\t\r\n\t\t\t\t\t<div class=\"info-boxes type1 style-2 no-gutters\">\r\n\t\t\t\t\t\t\r\n\t\t\t\t\t\t\t\t\t\r\n\t\t\t\t\t<div class=\"ys-info-box-item info-box\" data-bg=\"https:\/\/edelweissyogachalet.com\/wp-content\/uploads\/2020\/08\/bouquetin2-1024x501.jpg\">\r\n\t\t\t\t\t\r\n\t\t\t\t\t\t\t\t\t\t\t\t\t<h3 class=\"box-title\">\r\n\t\t\t\t\t\t\t\t\t\t\t\t\t\t\t\t\t<a href=\"https:\/\/edelweissyogachalet.com\/fr\/accommodation\/bouquetin-bedroom\/\" title=\"Discover\" target=\"_self\" >\r\n\t\t\t\t\t\t\t\t\t\t\t\t\t\t\t\t\tChambre du Bouquetin\t\t\t\t\t\t\t\t\t\t\t\t\t\t\t\t\t<\/a>\r\n\t\t\t\t\t\t\t\t\t\r\n\t\t\t\t\t\t\t<\/h3>\r\n\t\t\t\t\t\t\t\t\t\t\t\r\n\t\t\t\t\t\t\t\t\t\t\t\t\t\t\t\t\t\t\t\t\t\t\t\t\r\n\t\t\t\t\t\t\t\t\t\t\t\t\t<a href=\"https:\/\/edelweissyogachalet.com\/fr\/accommodation\/bouquetin-bedroom\/\" title=\"Discover\" target=\"_self\" class=\"btn btn-style-2\" >Discover<\/a>\r\n\t\t\t\t\t\t\r\n\t\t\t\t\t<\/div>\r\n\t\t\t\t\t\r\n\t\t\t\t\t\t\t\t\t\t\r\n\t\t\t\t\r\n\r\n\t\t\t\t\t\t\t\t\t<\/div>\r\n       \r\n\t\t\t\t<\/div>\r\n\r\n\t\t\t\t<\/div><\/div><\/div><div class=\"wpb_column vc_column_container vc_col-sm-4\"><div class=\"vc_column-inner\"><div class=\"wpb_wrapper\">\r\n\t\t\t\t<div class=\"wpb_content_element ys-info-boxes\">\r\n\r\n\t\t\t\t\t\r\n\t\t\t\t\t<div class=\"info-boxes type1 style-2 no-gutters\">\r\n\t\t\t\t\t\t\r\n\t\t\t\t\t\t\t\t\t\r\n\t\t\t\t\t<div class=\"ys-info-box-item info-box\" data-bg=\"https:\/\/edelweissyogachalet.com\/wp-content\/uploads\/2020\/08\/marmottes2-1024x501.jpg\">\r\n\t\t\t\t\t\r\n\t\t\t\t\t\t\t\t\t\t\t\t\t<h3 class=\"box-title\">\r\n\t\t\t\t\t\t\t\t\t\t\t\t\t\t\t\t\t<a href=\"https:\/\/edelweissyogachalet.com\/fr\/accommodation\/marmots-bedroom\/\" title=\"Discover\" target=\"_self\" >\r\n\t\t\t\t\t\t\t\t\t\t\t\t\t\t\t\t\tChambre des Marmottes\t\t\t\t\t\t\t\t\t\t\t\t\t\t\t\t\t<\/a>\r\n\t\t\t\t\t\t\t\t\t\r\n\t\t\t\t\t\t\t<\/h3>\r\n\t\t\t\t\t\t\t\t\t\t\t\r\n\t\t\t\t\t\t\t\t\t\t\t\t\t\t\t\t\t\t\t\t\t\t\t\t\r\n\t\t\t\t\t\t\t\t\t\t\t\t\t<a href=\"https:\/\/edelweissyogachalet.com\/fr\/accommodation\/marmots-bedroom\/\" title=\"Discover\" target=\"_self\" class=\"btn btn-style-2\" >Discover<\/a>\r\n\t\t\t\t\t\t\r\n\t\t\t\t\t<\/div>\r\n\t\t\t\t\t\r\n\t\t\t\t\t\t\t\t\t\t\r\n\t\t\t\t\r\n\r\n\t\t\t\t\t\t\t\t\t<\/div>\r\n       \r\n\t\t\t\t<\/div>\r\n\r\n\t\t\t\t<\/div><\/div><\/div><div class=\"wpb_column vc_column_container vc_col-sm-4\"><div class=\"vc_column-inner\"><div class=\"wpb_wrapper\">\r\n\t\t\t\t<div class=\"wpb_content_element ys-info-boxes\">\r\n\r\n\t\t\t\t\t\r\n\t\t\t\t\t<div class=\"info-boxes type1 style-2 no-gutters\">\r\n\t\t\t\t\t\t\r\n\t\t\t\t\t\t\t\t\t\r\n\t\t\t\t\t<div class=\"ys-info-box-item info-box\" data-bg=\"https:\/\/edelweissyogachalet.com\/wp-content\/uploads\/2020\/08\/ecureuil-1.jpg\">\r\n\t\t\t\t\t\r\n\t\t\t\t\t\t\t\t\t\t\t\t\t<h3 class=\"box-title\">\r\n\t\t\t\t\t\t\t\t\t\t\t\t\t\t\t\t\t<a href=\"https:\/\/edelweissyogachalet.com\/fr\/accommodation\/squirrel-bedroom\/\" title=\"Discover\" target=\"_self\" >\r\n\t\t\t\t\t\t\t\t\t\t\t\t\t\t\t\t\tChambre de l'\u00c9cureuil\t\t\t\t\t\t\t\t\t\t\t\t\t\t\t\t\t<\/a>\r\n\t\t\t\t\t\t\t\t\t\r\n\t\t\t\t\t\t\t<\/h3>\r\n\t\t\t\t\t\t\t\t\t\t\t\r\n\t\t\t\t\t\t\t\t\t\t\t\t\t\t\t\t\t\t\t\t\t\t\t\t\r\n\t\t\t\t\t\t\t\t\t\t\t\t\t<a href=\"https:\/\/edelweissyogachalet.com\/fr\/accommodation\/squirrel-bedroom\/\" title=\"Discover\" target=\"_self\" class=\"btn btn-style-2\" >Discover<\/a>\r\n\t\t\t\t\t\t\r\n\t\t\t\t\t<\/div>\r\n\t\t\t\t\t\r\n\t\t\t\t\t\t\t\t\t\t\r\n\t\t\t\t\r\n\r\n\t\t\t\t\t\t\t\t\t<\/div>\r\n       \r\n\t\t\t\t<\/div>\r\n\r\n\t\t\t\t<\/div><\/div><\/div><div class=\"wpb_column vc_column_container vc_col-sm-12\"><div class=\"vc_column-inner\"><div class=\"wpb_wrapper\"><div class=\"vc_empty_space\"   style=\"height: 32px\"><span class=\"vc_empty_space_inner\"><\/span><\/div><\/div><\/div><\/div><div class=\"wpb_column vc_column_container vc_col-sm-6\"><div class=\"vc_column-inner\"><div class=\"wpb_wrapper\">\r\n\t\t\t\t<div class=\"wpb_content_element ys-info-boxes\">\r\n\r\n\t\t\t\t\t\r\n\t\t\t\t\t<div class=\"info-boxes type1 style-2 no-gutters\">\r\n\t\t\t\t\t\t\r\n\t\t\t\t\t\t\t\t\t\r\n\t\t\t\t\t<div class=\"ys-info-box-item info-box\" data-bg=\"https:\/\/edelweissyogachalet.com\/wp-content\/uploads\/2020\/08\/cerf-1.jpg\">\r\n\t\t\t\t\t\r\n\t\t\t\t\t\t\t\t\t\t\t\t\t<h3 class=\"box-title\">\r\n\t\t\t\t\t\t\t\t\t\t\t\t\t\t\t\t\t<a href=\"https:\/\/edelweissyogachalet.com\/fr\/accommodation\/deer-bedroom\/\" title=\"Discover\" target=\"_self\" >\r\n\t\t\t\t\t\t\t\t\t\t\t\t\t\t\t\t\tChambre du Cerf\t\t\t\t\t\t\t\t\t\t\t\t\t\t\t\t\t<\/a>\r\n\t\t\t\t\t\t\t\t\t\r\n\t\t\t\t\t\t\t<\/h3>\r\n\t\t\t\t\t\t\t\t\t\t\t\r\n\t\t\t\t\t\t\t\t\t\t\t\t\t\t\t\t\t\t\t\t\t\t\t\t\r\n\t\t\t\t\t\t\t\t\t\t\t\t\t<a href=\"https:\/\/edelweissyogachalet.com\/fr\/accommodation\/deer-bedroom\/\" title=\"Discover\" target=\"_self\" class=\"btn btn-style-2\" >Discover<\/a>\r\n\t\t\t\t\t\t\r\n\t\t\t\t\t<\/div>\r\n\t\t\t\t\t\r\n\t\t\t\t\t\t\t\t\t\t\r\n\t\t\t\t\r\n\r\n\t\t\t\t\t\t\t\t\t<\/div>\r\n       \r\n\t\t\t\t<\/div>\r\n\r\n\t\t\t\t<\/div><\/div><\/div><div class=\"wpb_column vc_column_container vc_col-sm-6\"><div class=\"vc_column-inner\"><div class=\"wpb_wrapper\">\r\n\t\t\t\t<div class=\"wpb_content_element ys-info-boxes\">\r\n\r\n\t\t\t\t\t\r\n\t\t\t\t\t<div class=\"info-boxes type1 style-2 no-gutters\">\r\n\t\t\t\t\t\t\r\n\t\t\t\t\t\t\t\t\t\r\n\t\t\t\t\t<div class=\"ys-info-box-item info-box\" data-bg=\"https:\/\/edelweissyogachalet.com\/wp-content\/uploads\/2020\/08\/hibou-1.jpg\">\r\n\t\t\t\t\t\r\n\t\t\t\t\t\t\t\t\t\t\t\t\t<h3 class=\"box-title\">\r\n\t\t\t\t\t\t\t\t\t\t\t\t\t\t\t\t\t<a href=\"https:\/\/edelweissyogachalet.com\/fr\/accommodation\/owl-bedroom\/\" title=\"Discover\" target=\"_self\" >\r\n\t\t\t\t\t\t\t\t\t\t\t\t\t\t\t\t\tChambre du Hibou\t\t\t\t\t\t\t\t\t\t\t\t\t\t\t\t\t<\/a>\r\n\t\t\t\t\t\t\t\t\t\r\n\t\t\t\t\t\t\t<\/h3>\r\n\t\t\t\t\t\t\t\t\t\t\t\r\n\t\t\t\t\t\t\t\t\t\t\t\t\t\t\t\t\t\t\t\t\t\t\t\t\r\n\t\t\t\t\t\t\t\t\t\t\t\t\t<a href=\"https:\/\/edelweissyogachalet.com\/fr\/accommodation\/owl-bedroom\/\" title=\"Discover\" target=\"_self\" class=\"btn btn-style-2\" >Discover<\/a>\r\n\t\t\t\t\t\t\r\n\t\t\t\t\t<\/div>\r\n\t\t\t\t\t\r\n\t\t\t\t\t\t\t\t\t\t\r\n\t\t\t\t\r\n\r\n\t\t\t\t\t\t\t\t\t<\/div>\r\n       \r\n\t\t\t\t<\/div>\r\n\r\n\t\t\t\t<\/div><\/div><\/div><\/div>\n<\/div>","protected":false},"excerpt":{"rendered":"<p>Le Chalet Edelweiss est situ\u00e9 \u00e0 Chamonix &#8211; 1000 m\u00e8tres d\u2019altitude &#8211; \u00e0 quelques minutes \u00e0 pied du centre-ville.<\/p>","protected":false},"author":2,"featured_media":0,"parent":0,"menu_order":0,"comment_status":"closed","ping_status":"closed","template":"","meta":{"nf_dc_page":"","_monsterinsights_skip_tracking":false,"_monsterinsights_sitenote_active":false,"_monsterinsights_sitenote_note":"","_monsterinsights_sitenote_category":0,"footnotes":""},"class_list":["post-3121","page","type-page","status-publish","hentry"],"yoast_head":"<!-- This site is optimized with the Yoast SEO plugin v27.4 - https:\/\/yoast.com\/product\/yoast-seo-wordpress\/ -->\n<title>Le Chalet - Edelweiss Yoga Chalet<\/title>\n<meta name=\"description\" content=\"Le Chalet Edelweiss est situ\u00e9 \u00e0 Chamonix - 1000 m\u00e8tres d\u2019altitude - \u00e0 quelques minutes \u00e0 pied du centre-ville.\" \/>\n<meta name=\"robots\" content=\"index, follow, max-snippet:-1, max-image-preview:large, max-video-preview:-1\" \/>\n<link rel=\"canonical\" href=\"https:\/\/edelweissyogachalet.com\/fr\/le-chalet\/\" \/>\n<meta property=\"og:locale\" content=\"fr_FR\" \/>\n<meta property=\"og:locale:alternate\" content=\"en_GB\" \/>\n<meta property=\"og:type\" content=\"article\" \/>\n<meta property=\"og:title\" content=\"Le Chalet - Edelweiss Yoga Chalet\" \/>\n<meta property=\"og:description\" content=\"Surrounded by nature and overlooking Mont Blanc and its famous peaks, Edelweiss Yoga Chalet is a warm and welcoming accommodation.\" \/>\n<meta property=\"og:url\" content=\"https:\/\/edelweissyogachalet.com\/fr\/le-chalet\/\" \/>\n<meta property=\"og:site_name\" content=\"Edelweiss Yoga Chalet\" \/>\n<meta property=\"article:publisher\" content=\"https:\/\/www.facebook.com\/Edelweissyogachalet\" \/>\n<meta property=\"article:modified_time\" content=\"2021-02-17T08:11:17+00:00\" \/>\n<meta property=\"og:image\" content=\"https:\/\/edelweissyogachalet.com\/wp-content\/uploads\/2020\/08\/logo_Edelweiss.png\" \/>\n\t<meta property=\"og:image:width\" content=\"450\" \/>\n\t<meta property=\"og:image:height\" content=\"198\" \/>\n\t<meta property=\"og:image:type\" content=\"image\/png\" \/>\n<meta name=\"twitter:card\" content=\"summary_large_image\" \/>\n<meta name=\"twitter:label1\" content=\"Dur\u00e9e de lecture estim\u00e9e\" \/>\n\t<meta name=\"twitter:data1\" content=\"1 minute\" \/>\n<script type=\"application\/ld+json\" class=\"yoast-schema-graph\">{\"@context\":\"https:\\\/\\\/schema.org\",\"@graph\":[{\"@type\":\"WebPage\",\"@id\":\"https:\\\/\\\/edelweissyogachalet.com\\\/le-chalet\\\/\",\"url\":\"https:\\\/\\\/edelweissyogachalet.com\\\/le-chalet\\\/\",\"name\":\"Le Chalet - Edelweiss Yoga Chalet\",\"isPartOf\":{\"@id\":\"https:\\\/\\\/edelweissyogachalet.com\\\/fr\\\/#website\"},\"datePublished\":\"2021-01-09T07:09:11+00:00\",\"dateModified\":\"2021-02-17T08:11:17+00:00\",\"description\":\"Surrounded by nature and overlooking Mont Blanc and its famous peaks, Edelweiss Yoga Chalet is a warm and welcoming accommodation.\",\"breadcrumb\":{\"@id\":\"https:\\\/\\\/edelweissyogachalet.com\\\/le-chalet\\\/#breadcrumb\"},\"inLanguage\":\"fr-FR\",\"potentialAction\":[{\"@type\":\"ReadAction\",\"target\":[\"https:\\\/\\\/edelweissyogachalet.com\\\/le-chalet\\\/\"]}]},{\"@type\":\"BreadcrumbList\",\"@id\":\"https:\\\/\\\/edelweissyogachalet.com\\\/le-chalet\\\/#breadcrumb\",\"itemListElement\":[{\"@type\":\"ListItem\",\"position\":1,\"name\":\"Home\",\"item\":\"https:\\\/\\\/edelweissyogachalet.com\\\/\"},{\"@type\":\"ListItem\",\"position\":2,\"name\":\"Accommodation\"}]},{\"@type\":\"WebSite\",\"@id\":\"https:\\\/\\\/edelweissyogachalet.com\\\/fr\\\/#website\",\"url\":\"https:\\\/\\\/edelweissyogachalet.com\\\/fr\\\/\",\"name\":\"Edelweiss Yoga Chalet\",\"description\":\"Cours et S\u00e9jours de Yoga \u00e0 Chamonix\",\"potentialAction\":[{\"@type\":\"SearchAction\",\"target\":{\"@type\":\"EntryPoint\",\"urlTemplate\":\"https:\\\/\\\/edelweissyogachalet.com\\\/fr\\\/?s={search_term_string}\"},\"query-input\":{\"@type\":\"PropertyValueSpecification\",\"valueRequired\":true,\"valueName\":\"search_term_string\"}}],\"inLanguage\":\"fr-FR\"}]}<\/script>\n<!-- \/ Yoast SEO plugin. -->","yoast_head_json":{"title":"Le Chalet - Edelweiss Yoga Chalet","description":"Le Chalet Edelweiss est situ\u00e9 \u00e0 Chamonix - 1000 m\u00e8tres d\u2019altitude - \u00e0 quelques minutes \u00e0 pied du centre-ville.","robots":{"index":"index","follow":"follow","max-snippet":"max-snippet:-1","max-image-preview":"max-image-preview:large","max-video-preview":"max-video-preview:-1"},"canonical":"https:\/\/edelweissyogachalet.com\/fr\/le-chalet\/","og_locale":"fr_FR","og_type":"article","og_title":"Le Chalet - Edelweiss Yoga Chalet","og_description":"Surrounded by nature and overlooking Mont Blanc and its famous peaks, Edelweiss Yoga Chalet is a warm and welcoming accommodation.","og_url":"https:\/\/edelweissyogachalet.com\/fr\/le-chalet\/","og_site_name":"Edelweiss Yoga Chalet","article_publisher":"https:\/\/www.facebook.com\/Edelweissyogachalet","article_modified_time":"2021-02-17T08:11:17+00:00","og_image":[{"width":450,"height":198,"url":"https:\/\/edelweissyogachalet.com\/wp-content\/uploads\/2020\/08\/logo_Edelweiss.png","type":"image\/png"}],"twitter_card":"summary_large_image","twitter_misc":{"Dur\u00e9e de lecture estim\u00e9e":"1 minute"},"schema":{"@context":"https:\/\/schema.org","@graph":[{"@type":"WebPage","@id":"https:\/\/edelweissyogachalet.com\/le-chalet\/","url":"https:\/\/edelweissyogachalet.com\/le-chalet\/","name":"Le Chalet - Edelweiss Yoga Chalet","isPartOf":{"@id":"https:\/\/edelweissyogachalet.com\/fr\/#website"},"datePublished":"2021-01-09T07:09:11+00:00","dateModified":"2021-02-17T08:11:17+00:00","description":"Surrounded by nature and overlooking Mont Blanc and its famous peaks, Edelweiss Yoga Chalet is a warm and welcoming accommodation.","breadcrumb":{"@id":"https:\/\/edelweissyogachalet.com\/le-chalet\/#breadcrumb"},"inLanguage":"fr-FR","potentialAction":[{"@type":"ReadAction","target":["https:\/\/edelweissyogachalet.com\/le-chalet\/"]}]},{"@type":"BreadcrumbList","@id":"https:\/\/edelweissyogachalet.com\/le-chalet\/#breadcrumb","itemListElement":[{"@type":"ListItem","position":1,"name":"Home","item":"https:\/\/edelweissyogachalet.com\/"},{"@type":"ListItem","position":2,"name":"Accommodation"}]},{"@type":"WebSite","@id":"https:\/\/edelweissyogachalet.com\/fr\/#website","url":"https:\/\/edelweissyogachalet.com\/fr\/","name":"Edelweiss Yoga Chalet","description":"Cours et S\u00e9jours de Yoga \u00e0 Chamonix","potentialAction":[{"@type":"SearchAction","target":{"@type":"EntryPoint","urlTemplate":"https:\/\/edelweissyogachalet.com\/fr\/?s={search_term_string}"},"query-input":{"@type":"PropertyValueSpecification","valueRequired":true,"valueName":"search_term_string"}}],"inLanguage":"fr-FR"}]}},"_links":{"self":[{"href":"https:\/\/edelweissyogachalet.com\/fr\/wp-json\/wp\/v2\/pages\/3121","targetHints":{"allow":["GET"]}}],"collection":[{"href":"https:\/\/edelweissyogachalet.com\/fr\/wp-json\/wp\/v2\/pages"}],"about":[{"href":"https:\/\/edelweissyogachalet.com\/fr\/wp-json\/wp\/v2\/types\/page"}],"author":[{"embeddable":true,"href":"https:\/\/edelweissyogachalet.com\/fr\/wp-json\/wp\/v2\/users\/2"}],"replies":[{"embeddable":true,"href":"https:\/\/edelweissyogachalet.com\/fr\/wp-json\/wp\/v2\/comments?post=3121"}],"version-history":[{"count":5,"href":"https:\/\/edelweissyogachalet.com\/fr\/wp-json\/wp\/v2\/pages\/3121\/revisions"}],"predecessor-version":[{"id":3541,"href":"https:\/\/edelweissyogachalet.com\/fr\/wp-json\/wp\/v2\/pages\/3121\/revisions\/3541"}],"wp:attachment":[{"href":"https:\/\/edelweissyogachalet.com\/fr\/wp-json\/wp\/v2\/media?parent=3121"}],"curies":[{"name":"wp","href":"https:\/\/api.w.org\/{rel}","templated":true}]}}