{"id":3123,"date":"2021-01-09T08:11:45","date_gmt":"2021-01-09T07:11:45","guid":{"rendered":"https:\/\/edelweissyogachalet.com\/?page_id=3123"},"modified":"2021-01-28T05:28:19","modified_gmt":"2021-01-28T04:28:19","slug":"squirrel-bedroom","status":"publish","type":"page","link":"https:\/\/edelweissyogachalet.com\/fr\/le-chalet\/squirrel-bedroom\/","title":{"rendered":"Chambre de l&#8217;\u00c9cureuil"},"content":{"rendered":"<div class=\"wpb-content-wrapper\"><div class=\"ys-section vc_row wpb_row vc_row-fluid\"><div class=\"wpb_column vc_column_container vc_col-sm-6\"><div class=\"vc_column-inner\"><div class=\"wpb_wrapper\"><div class=\"wpb_images_carousel wpb_content_element vc_clearfix wpb_content_element\"><div class=\"wpb_wrapper\"><div id=\"vc_images-carousel-1-1776977786\" data-ride=\"vc_carousel\" data-wrap=\"false\" style=\"width: 100%;\" data-interval=\"0\" data-auto-height=\"yes\" data-mode=\"horizontal\" data-partial=\"false\" data-per-view=\"1\" data-hide-on-end=\"true\" class=\"vc_slide vc_images_carousel\"><ol class=\"vc_carousel-indicators\"><li data-target=\"#vc_images-carousel-1-1776977786\" data-slide-to=\"0\"><\/li><li data-target=\"#vc_images-carousel-1-1776977786\" data-slide-to=\"1\"><\/li><\/ol><div class=\"vc_carousel-inner\"><div class=\"vc_carousel-slideline\"><div class=\"vc_carousel-slideline-inner\"><div class=\"vc_item\"><div class=\"vc_inner\"><img decoding=\"async\" width=\"1000\" height=\"667\" src=\"https:\/\/edelweissyogachalet.com\/wp-content\/uploads\/2020\/08\/Ecureuil.jpg\" class=\"attachment-full\" alt=\"Chambre de l&#039;\u00c9cureuil\" title=\"Ecureuil\" srcset=\"https:\/\/edelweissyogachalet.com\/wp-content\/uploads\/2020\/08\/Ecureuil.jpg 1000w, https:\/\/edelweissyogachalet.com\/wp-content\/uploads\/2020\/08\/Ecureuil-300x200.jpg 300w, https:\/\/edelweissyogachalet.com\/wp-content\/uploads\/2020\/08\/Ecureuil-768x512.jpg 768w, https:\/\/edelweissyogachalet.com\/wp-content\/uploads\/2020\/08\/Ecureuil-600x400.jpg 600w\" sizes=\"(max-width: 1000px) 100vw, 1000px\" \/><\/div><\/div><div class=\"vc_item\"><div class=\"vc_inner\"><img decoding=\"async\" width=\"1000\" height=\"667\" src=\"https:\/\/edelweissyogachalet.com\/wp-content\/uploads\/2020\/08\/ecureuilsdb.jpg\" class=\"attachment-full\" alt=\"Chambre de l&#039;\u00c9cureuil\" title=\"ecureuilsdb\" srcset=\"https:\/\/edelweissyogachalet.com\/wp-content\/uploads\/2020\/08\/ecureuilsdb.jpg 1000w, https:\/\/edelweissyogachalet.com\/wp-content\/uploads\/2020\/08\/ecureuilsdb-300x200.jpg 300w, https:\/\/edelweissyogachalet.com\/wp-content\/uploads\/2020\/08\/ecureuilsdb-768x512.jpg 768w, https:\/\/edelweissyogachalet.com\/wp-content\/uploads\/2020\/08\/ecureuilsdb-600x400.jpg 600w\" sizes=\"(max-width: 1000px) 100vw, 1000px\" \/><\/div><\/div><\/div><\/div><\/div><a class=\"vc_left vc_carousel-control\" href=\"#vc_images-carousel-1-1776977786\" data-slide=\"prev\"><span class=\"icon-prev\"><\/span><\/a><a class=\"vc_right vc_carousel-control\" href=\"#vc_images-carousel-1-1776977786\" data-slide=\"next\"><span class=\"icon-next\"><\/span><\/a><\/div><\/div><\/div><\/div><\/div><\/div><div class=\"wpb_column vc_column_container vc_col-sm-6\"><div class=\"vc_column-inner\"><div class=\"wpb_wrapper\"><div class=\"wpb_text_column wpb_content_element\">\r\n\t\t<div class=\"wpb_wrapper\">\r\n\t\t\t<p class=\"p1\">La chambre de l\u2019\u00c9cureuil est situ\u00e9e au rez de chauss\u00e9e et dispose de sa propre salle de bain\/douche ainsi qu\u2019un lit king\/queen size. La chambre peut aussi \u00eatre am\u00e9nag\u00e9e avec deux lits simples si besoin.<\/p>\n\r\n\t\t<\/div>\r\n\t<\/div>\r\n<\/div><\/div><\/div><\/div><div class=\"ys-section vc_row wpb_row vc_row-fluid\"><div class=\"wpb_column vc_column_container vc_col-sm-12\"><div class=\"vc_column-inner\"><div class=\"wpb_wrapper\"><div class=\"vc_empty_space\"   style=\"height: 32px\"><span class=\"vc_empty_space_inner\"><\/span><\/div><div class=\"wpb_text_column wpb_content_element\">\r\n\t\t<div class=\"wpb_wrapper\">\r\n\t\t\t<h2>Les autres chambres<\/h2>\n\r\n\t\t<\/div>\r\n\t<\/div>\r\n<div class=\"vc_empty_space\"   style=\"height: 32px\"><span class=\"vc_empty_space_inner\"><\/span><\/div><\/div><\/div><\/div><\/div><div class=\"ys-section vc_row wpb_row vc_row-fluid\"><div class=\"wpb_column vc_column_container vc_col-sm-6\"><div class=\"vc_column-inner\"><div class=\"wpb_wrapper\">\r\n\t\t\t\t<div class=\"wpb_content_element ys-info-boxes\">\r\n\r\n\t\t\t\t\t\r\n\t\t\t\t\t<div class=\"info-boxes type1 style-2 no-gutters\">\r\n\t\t\t\t\t\t\r\n\t\t\t\t\t\t\t\t\t\r\n\t\t\t\t\t<div class=\"ys-info-box-item info-box\" data-bg=\"https:\/\/edelweissyogachalet.com\/wp-content\/uploads\/2020\/08\/bouquetin-1.jpg\">\r\n\t\t\t\t\t\r\n\t\t\t\t\t\t\t\t\t\t\t\t\t<h3 class=\"box-title\">\r\n\t\t\t\t\t\t\t\t\t\t\t\t\t\t\t\t\t<a href=\"https:\/\/edelweissyogachalet.com\/fr\/accommodation\/bouquetin-bedroom\/\" title=\"Discover\" target=\"_self\" >\r\n\t\t\t\t\t\t\t\t\t\t\t\t\t\t\t\t\tBouquetin Bedroom\t\t\t\t\t\t\t\t\t\t\t\t\t\t\t\t\t<\/a>\r\n\t\t\t\t\t\t\t\t\t\r\n\t\t\t\t\t\t\t<\/h3>\r\n\t\t\t\t\t\t\t\t\t\t\t\r\n\t\t\t\t\t\t\t\t\t\t\t\t\t\t\t\t\t\t\t\t\t\t\t\t\r\n\t\t\t\t\t\t\t\t\t\t\t\t\t<a href=\"https:\/\/edelweissyogachalet.com\/fr\/accommodation\/bouquetin-bedroom\/\" title=\"Discover\" target=\"_self\" class=\"btn btn-style-2\" >Discover<\/a>\r\n\t\t\t\t\t\t\r\n\t\t\t\t\t<\/div>\r\n\t\t\t\t\t\r\n\t\t\t\t\t\t\t\t\t\t\r\n\t\t\t\t\r\n\r\n\t\t\t\t\t\t\t\t\t<\/div>\r\n       \r\n\t\t\t\t<\/div>\r\n\r\n\t\t\t\t<\/div><\/div><\/div><div class=\"wpb_column vc_column_container vc_col-sm-6\"><div class=\"vc_column-inner\"><div class=\"wpb_wrapper\">\r\n\t\t\t\t<div class=\"wpb_content_element ys-info-boxes\">\r\n\r\n\t\t\t\t\t\r\n\t\t\t\t\t<div class=\"info-boxes type1 style-2 no-gutters\">\r\n\t\t\t\t\t\t\r\n\t\t\t\t\t\t\t\t\t\r\n\t\t\t\t\t<div class=\"ys-info-box-item info-box\" data-bg=\"https:\/\/edelweissyogachalet.com\/wp-content\/uploads\/2020\/08\/marmottes-1.jpg\">\r\n\t\t\t\t\t\r\n\t\t\t\t\t\t\t\t\t\t\t\t\t<h3 class=\"box-title\">\r\n\t\t\t\t\t\t\t\t\t\t\t\t\t\t\t\t\t<a href=\"https:\/\/edelweissyogachalet.com\/fr\/accommodation\/marmots-bedroom\/\" title=\"Discover\" target=\"_self\" >\r\n\t\t\t\t\t\t\t\t\t\t\t\t\t\t\t\t\tMarmots Bedroom\t\t\t\t\t\t\t\t\t\t\t\t\t\t\t\t\t<\/a>\r\n\t\t\t\t\t\t\t\t\t\r\n\t\t\t\t\t\t\t<\/h3>\r\n\t\t\t\t\t\t\t\t\t\t\t\r\n\t\t\t\t\t\t\t\t\t\t\t\t\t\t\t\t\t\t\t\t\t\t\t\t\r\n\t\t\t\t\t\t\t\t\t\t\t\t\t<a href=\"https:\/\/edelweissyogachalet.com\/fr\/accommodation\/marmots-bedroom\/\" title=\"Discover\" target=\"_self\" class=\"btn btn-style-2\" >Discover<\/a>\r\n\t\t\t\t\t\t\r\n\t\t\t\t\t<\/div>\r\n\t\t\t\t\t\r\n\t\t\t\t\t\t\t\t\t\t\r\n\t\t\t\t\r\n\r\n\t\t\t\t\t\t\t\t\t<\/div>\r\n       \r\n\t\t\t\t<\/div>\r\n\r\n\t\t\t\t<\/div><\/div><\/div><div class=\"wpb_column vc_column_container vc_col-sm-12\"><div class=\"vc_column-inner\"><div class=\"wpb_wrapper\"><div class=\"vc_empty_space\"   style=\"height: 32px\"><span class=\"vc_empty_space_inner\"><\/span><\/div><\/div><\/div><\/div><div class=\"wpb_column vc_column_container vc_col-sm-4\"><div class=\"vc_column-inner\"><div class=\"wpb_wrapper\">\r\n\t\t\t\t<div class=\"wpb_content_element ys-info-boxes\">\r\n\r\n\t\t\t\t\t\r\n\t\t\t\t\t<div class=\"info-boxes type1 style-2 no-gutters\">\r\n\t\t\t\t\t\t\r\n\t\t\t\t\t\t\t\t\t\r\n\t\t\t\t\t<div class=\"ys-info-box-item info-box\" data-bg=\"https:\/\/edelweissyogachalet.com\/wp-content\/uploads\/2020\/08\/hibou-1.jpg\">\r\n\t\t\t\t\t\r\n\t\t\t\t\t\t\t\t\t\t\t\t\t<h3 class=\"box-title\">\r\n\t\t\t\t\t\t\t\t\t\t\t\t\t\t\t\t\t<a href=\"https:\/\/edelweissyogachalet.com\/fr\/accommodation\/owl-bedroom\/\" title=\"Discover\" target=\"_self\" >\r\n\t\t\t\t\t\t\t\t\t\t\t\t\t\t\t\t\tOwl Bedroom\t\t\t\t\t\t\t\t\t\t\t\t\t\t\t\t\t<\/a>\r\n\t\t\t\t\t\t\t\t\t\r\n\t\t\t\t\t\t\t<\/h3>\r\n\t\t\t\t\t\t\t\t\t\t\t\r\n\t\t\t\t\t\t\t\t\t\t\t\t\t\t\t\t\t\t\t\t\t\t\t\t\r\n\t\t\t\t\t\t\t\t\t\t\t\t\t<a href=\"https:\/\/edelweissyogachalet.com\/fr\/accommodation\/owl-bedroom\/\" title=\"Discover\" target=\"_self\" class=\"btn btn-style-2\" >Discover<\/a>\r\n\t\t\t\t\t\t\r\n\t\t\t\t\t<\/div>\r\n\t\t\t\t\t\r\n\t\t\t\t\t\t\t\t\t\t\r\n\t\t\t\t\r\n\r\n\t\t\t\t\t\t\t\t\t<\/div>\r\n       \r\n\t\t\t\t<\/div>\r\n\r\n\t\t\t\t<\/div><\/div><\/div><div class=\"wpb_column vc_column_container vc_col-sm-4\"><div class=\"vc_column-inner\"><div class=\"wpb_wrapper\">\r\n\t\t\t\t<div class=\"wpb_content_element ys-info-boxes\">\r\n\r\n\t\t\t\t\t\r\n\t\t\t\t\t<div class=\"info-boxes type1 style-2 no-gutters\">\r\n\t\t\t\t\t\t\r\n\t\t\t\t\t\t\t\t\t\r\n\t\t\t\t\t<div class=\"ys-info-box-item info-box\" data-bg=\"https:\/\/edelweissyogachalet.com\/wp-content\/uploads\/2020\/08\/cerf-1.jpg\">\r\n\t\t\t\t\t\r\n\t\t\t\t\t\t\t\t\t\t\t\t\t<h3 class=\"box-title\">\r\n\t\t\t\t\t\t\t\t\t\t\t\t\t\t\t\t\t<a href=\"https:\/\/edelweissyogachalet.com\/fr\/accommodation\/deer-bedroom\/\" title=\"Discover\" target=\"_self\" >\r\n\t\t\t\t\t\t\t\t\t\t\t\t\t\t\t\t\tDeer Bedroom\t\t\t\t\t\t\t\t\t\t\t\t\t\t\t\t\t<\/a>\r\n\t\t\t\t\t\t\t\t\t\r\n\t\t\t\t\t\t\t<\/h3>\r\n\t\t\t\t\t\t\t\t\t\t\t\r\n\t\t\t\t\t\t\t\t\t\t\t\t\t\t\t\t\t\t\t\t\t\t\t\t\r\n\t\t\t\t\t\t\t\t\t\t\t\t\t<a href=\"https:\/\/edelweissyogachalet.com\/fr\/accommodation\/deer-bedroom\/\" title=\"Discover\" target=\"_self\" class=\"btn btn-style-2\" >Discover<\/a>\r\n\t\t\t\t\t\t\r\n\t\t\t\t\t<\/div>\r\n\t\t\t\t\t\r\n\t\t\t\t\t\t\t\t\t\t\r\n\t\t\t\t\r\n\r\n\t\t\t\t\t\t\t\t\t<\/div>\r\n       \r\n\t\t\t\t<\/div>\r\n\r\n\t\t\t\t<\/div><\/div><\/div><div class=\"wpb_column vc_column_container vc_col-sm-4\"><div class=\"vc_column-inner\"><div class=\"wpb_wrapper\">\r\n\t\t\t\t<div class=\"wpb_content_element ys-info-boxes\">\r\n\r\n\t\t\t\t\t\r\n\t\t\t\t\t<div class=\"info-boxes type1 style-2 no-gutters\">\r\n\t\t\t\t\t\t\r\n\t\t\t\t\t\t\t\t\t\r\n\t\t\t\t\t<div class=\"ys-info-box-item info-box\" data-bg=\"https:\/\/edelweissyogachalet.com\/wp-content\/uploads\/2020\/08\/chamois-1.jpg\">\r\n\t\t\t\t\t\r\n\t\t\t\t\t\t\t\t\t\t\t\t\t<h3 class=\"box-title\">\r\n\t\t\t\t\t\t\t\t\t\t\t\t\t\t\t\t\t<a href=\"https:\/\/edelweissyogachalet.com\/fr\/accommodation\/chamois-bedroom\/\" title=\"Discover\" target=\"_self\" >\r\n\t\t\t\t\t\t\t\t\t\t\t\t\t\t\t\t\tChamois Bedroom\t\t\t\t\t\t\t\t\t\t\t\t\t\t\t\t\t<\/a>\r\n\t\t\t\t\t\t\t\t\t\r\n\t\t\t\t\t\t\t<\/h3>\r\n\t\t\t\t\t\t\t\t\t\t\t\r\n\t\t\t\t\t\t\t\t\t\t\t\t\t\t\t\t\t\t\t\t\t\t\t\t\r\n\t\t\t\t\t\t\t\t\t\t\t\t\t<a href=\"https:\/\/edelweissyogachalet.com\/fr\/accommodation\/chamois-bedroom\/\" title=\"Discover\" target=\"_self\" class=\"btn btn-style-2\" >Discover<\/a>\r\n\t\t\t\t\t\t\r\n\t\t\t\t\t<\/div>\r\n\t\t\t\t\t\r\n\t\t\t\t\t\t\t\t\t\t\r\n\t\t\t\t\r\n\r\n\t\t\t\t\t\t\t\t\t<\/div>\r\n       \r\n\t\t\t\t<\/div>\r\n\r\n\t\t\t\t<\/div><\/div><\/div><\/div>\n<\/div>","protected":false},"excerpt":{"rendered":"<p>La chambre de l\u2019\u00c9cureuil est situ\u00e9e au rez de chauss\u00e9e et dispose de sa propre salle de bain\/douche ainsi qu\u2019un lit king\/queen size.<\/p>","protected":false},"author":2,"featured_media":2542,"parent":3121,"menu_order":0,"comment_status":"closed","ping_status":"closed","template":"","meta":{"nf_dc_page":"","_monsterinsights_skip_tracking":false,"_monsterinsights_sitenote_active":false,"_monsterinsights_sitenote_note":"","_monsterinsights_sitenote_category":0,"footnotes":""},"class_list":["post-3123","page","type-page","status-publish","has-post-thumbnail","hentry"],"yoast_head":"<!-- This site is optimized with the Yoast SEO plugin v27.4 - https:\/\/yoast.com\/product\/yoast-seo-wordpress\/ -->\n<title>Chambre de l&#039;\u00c9cureuil - Edelweiss Yoga Chalet<\/title>\n<meta name=\"description\" content=\"La chambre de l\u2019\u00c9cureuil est situ\u00e9e au rez de chauss\u00e9e et dispose de sa propre salle de bain\/douche ainsi qu\u2019un lit king\/queen size.\" \/>\n<meta name=\"robots\" content=\"index, follow, max-snippet:-1, max-image-preview:large, max-video-preview:-1\" \/>\n<link rel=\"canonical\" href=\"https:\/\/edelweissyogachalet.com\/fr\/le-chalet\/squirrel-bedroom\/\" \/>\n<meta property=\"og:locale\" content=\"fr_FR\" \/>\n<meta property=\"og:locale:alternate\" content=\"en_GB\" \/>\n<meta property=\"og:type\" content=\"article\" \/>\n<meta property=\"og:title\" content=\"Chambre de l&#039;\u00c9cureuil - Edelweiss Yoga Chalet\" \/>\n<meta property=\"og:description\" content=\"The Squirrel bedroom is located on the ground floor and has its own bathroom \/ shower as well as a king \/ queen size bed.\" \/>\n<meta property=\"og:url\" content=\"https:\/\/edelweissyogachalet.com\/fr\/le-chalet\/squirrel-bedroom\/\" \/>\n<meta property=\"og:site_name\" content=\"Edelweiss Yoga Chalet\" \/>\n<meta property=\"article:publisher\" content=\"https:\/\/www.facebook.com\/Edelweissyogachalet\" \/>\n<meta property=\"article:modified_time\" content=\"2021-01-28T04:28:19+00:00\" \/>\n<meta property=\"og:image\" content=\"https:\/\/edelweissyogachalet.com\/wp-content\/uploads\/2020\/08\/ecureuil-1.jpg\" \/>\n\t<meta property=\"og:image:width\" content=\"700\" \/>\n\t<meta property=\"og:image:height\" content=\"610\" \/>\n\t<meta property=\"og:image:type\" content=\"image\/jpeg\" \/>\n<meta name=\"twitter:card\" content=\"summary_large_image\" \/>\n<meta name=\"twitter:label1\" content=\"Dur\u00e9e de lecture estim\u00e9e\" \/>\n\t<meta name=\"twitter:data1\" content=\"1 minute\" \/>\n<script type=\"application\/ld+json\" class=\"yoast-schema-graph\">{\"@context\":\"https:\\\/\\\/schema.org\",\"@graph\":[{\"@type\":\"WebPage\",\"@id\":\"https:\\\/\\\/edelweissyogachalet.com\\\/le-chalet\\\/squirrel-bedroom\\\/\",\"url\":\"https:\\\/\\\/edelweissyogachalet.com\\\/le-chalet\\\/squirrel-bedroom\\\/\",\"name\":\"Chambre de l'\u00c9cureuil - Edelweiss Yoga Chalet\",\"isPartOf\":{\"@id\":\"https:\\\/\\\/edelweissyogachalet.com\\\/fr\\\/#website\"},\"primaryImageOfPage\":{\"@id\":\"https:\\\/\\\/edelweissyogachalet.com\\\/le-chalet\\\/squirrel-bedroom\\\/#primaryimage\"},\"image\":{\"@id\":\"https:\\\/\\\/edelweissyogachalet.com\\\/le-chalet\\\/squirrel-bedroom\\\/#primaryimage\"},\"thumbnailUrl\":\"https:\\\/\\\/edelweissyogachalet.com\\\/wp-content\\\/uploads\\\/2020\\\/08\\\/ecureuil-1.jpg\",\"datePublished\":\"2021-01-09T07:11:45+00:00\",\"dateModified\":\"2021-01-28T04:28:19+00:00\",\"description\":\"The Squirrel bedroom is located on the ground floor and has its own bathroom \\\/ shower as well as a king \\\/ queen size bed.\",\"breadcrumb\":{\"@id\":\"https:\\\/\\\/edelweissyogachalet.com\\\/le-chalet\\\/squirrel-bedroom\\\/#breadcrumb\"},\"inLanguage\":\"fr-FR\",\"potentialAction\":[{\"@type\":\"ReadAction\",\"target\":[\"https:\\\/\\\/edelweissyogachalet.com\\\/le-chalet\\\/squirrel-bedroom\\\/\"]}]},{\"@type\":\"ImageObject\",\"inLanguage\":\"fr-FR\",\"@id\":\"https:\\\/\\\/edelweissyogachalet.com\\\/le-chalet\\\/squirrel-bedroom\\\/#primaryimage\",\"url\":\"https:\\\/\\\/edelweissyogachalet.com\\\/wp-content\\\/uploads\\\/2020\\\/08\\\/ecureuil-1.jpg\",\"contentUrl\":\"https:\\\/\\\/edelweissyogachalet.com\\\/wp-content\\\/uploads\\\/2020\\\/08\\\/ecureuil-1.jpg\",\"width\":700,\"height\":610,\"caption\":\"Chambre de l'\u00c9cureuil\"},{\"@type\":\"BreadcrumbList\",\"@id\":\"https:\\\/\\\/edelweissyogachalet.com\\\/le-chalet\\\/squirrel-bedroom\\\/#breadcrumb\",\"itemListElement\":[{\"@type\":\"ListItem\",\"position\":1,\"name\":\"Home\",\"item\":\"https:\\\/\\\/edelweissyogachalet.com\\\/\"},{\"@type\":\"ListItem\",\"position\":2,\"name\":\"Accommodation\",\"item\":\"https:\\\/\\\/edelweissyogachalet.com\\\/le-chalet\\\/\"},{\"@type\":\"ListItem\",\"position\":3,\"name\":\"Squirrel Bedroom\"}]},{\"@type\":\"WebSite\",\"@id\":\"https:\\\/\\\/edelweissyogachalet.com\\\/fr\\\/#website\",\"url\":\"https:\\\/\\\/edelweissyogachalet.com\\\/fr\\\/\",\"name\":\"Edelweiss Yoga Chalet\",\"description\":\"Cours et S\u00e9jours de Yoga \u00e0 Chamonix\",\"potentialAction\":[{\"@type\":\"SearchAction\",\"target\":{\"@type\":\"EntryPoint\",\"urlTemplate\":\"https:\\\/\\\/edelweissyogachalet.com\\\/fr\\\/?s={search_term_string}\"},\"query-input\":{\"@type\":\"PropertyValueSpecification\",\"valueRequired\":true,\"valueName\":\"search_term_string\"}}],\"inLanguage\":\"fr-FR\"}]}<\/script>\n<!-- \/ Yoast SEO plugin. -->","yoast_head_json":{"title":"Chambre de l'\u00c9cureuil - Edelweiss Yoga Chalet","description":"La chambre de l\u2019\u00c9cureuil est situ\u00e9e au rez de chauss\u00e9e et dispose de sa propre salle de bain\/douche ainsi qu\u2019un lit king\/queen size.","robots":{"index":"index","follow":"follow","max-snippet":"max-snippet:-1","max-image-preview":"max-image-preview:large","max-video-preview":"max-video-preview:-1"},"canonical":"https:\/\/edelweissyogachalet.com\/fr\/le-chalet\/squirrel-bedroom\/","og_locale":"fr_FR","og_type":"article","og_title":"Chambre de l'\u00c9cureuil - Edelweiss Yoga Chalet","og_description":"The Squirrel bedroom is located on the ground floor and has its own bathroom \/ shower as well as a king \/ queen size bed.","og_url":"https:\/\/edelweissyogachalet.com\/fr\/le-chalet\/squirrel-bedroom\/","og_site_name":"Edelweiss Yoga Chalet","article_publisher":"https:\/\/www.facebook.com\/Edelweissyogachalet","article_modified_time":"2021-01-28T04:28:19+00:00","og_image":[{"width":700,"height":610,"url":"https:\/\/edelweissyogachalet.com\/wp-content\/uploads\/2020\/08\/ecureuil-1.jpg","type":"image\/jpeg"}],"twitter_card":"summary_large_image","twitter_misc":{"Dur\u00e9e de lecture estim\u00e9e":"1 minute"},"schema":{"@context":"https:\/\/schema.org","@graph":[{"@type":"WebPage","@id":"https:\/\/edelweissyogachalet.com\/le-chalet\/squirrel-bedroom\/","url":"https:\/\/edelweissyogachalet.com\/le-chalet\/squirrel-bedroom\/","name":"Chambre de l'\u00c9cureuil - Edelweiss Yoga Chalet","isPartOf":{"@id":"https:\/\/edelweissyogachalet.com\/fr\/#website"},"primaryImageOfPage":{"@id":"https:\/\/edelweissyogachalet.com\/le-chalet\/squirrel-bedroom\/#primaryimage"},"image":{"@id":"https:\/\/edelweissyogachalet.com\/le-chalet\/squirrel-bedroom\/#primaryimage"},"thumbnailUrl":"https:\/\/edelweissyogachalet.com\/wp-content\/uploads\/2020\/08\/ecureuil-1.jpg","datePublished":"2021-01-09T07:11:45+00:00","dateModified":"2021-01-28T04:28:19+00:00","description":"The Squirrel bedroom is located on the ground floor and has its own bathroom \/ shower as well as a king \/ queen size bed.","breadcrumb":{"@id":"https:\/\/edelweissyogachalet.com\/le-chalet\/squirrel-bedroom\/#breadcrumb"},"inLanguage":"fr-FR","potentialAction":[{"@type":"ReadAction","target":["https:\/\/edelweissyogachalet.com\/le-chalet\/squirrel-bedroom\/"]}]},{"@type":"ImageObject","inLanguage":"fr-FR","@id":"https:\/\/edelweissyogachalet.com\/le-chalet\/squirrel-bedroom\/#primaryimage","url":"https:\/\/edelweissyogachalet.com\/wp-content\/uploads\/2020\/08\/ecureuil-1.jpg","contentUrl":"https:\/\/edelweissyogachalet.com\/wp-content\/uploads\/2020\/08\/ecureuil-1.jpg","width":700,"height":610,"caption":"Chambre de l'\u00c9cureuil"},{"@type":"BreadcrumbList","@id":"https:\/\/edelweissyogachalet.com\/le-chalet\/squirrel-bedroom\/#breadcrumb","itemListElement":[{"@type":"ListItem","position":1,"name":"Home","item":"https:\/\/edelweissyogachalet.com\/"},{"@type":"ListItem","position":2,"name":"Accommodation","item":"https:\/\/edelweissyogachalet.com\/le-chalet\/"},{"@type":"ListItem","position":3,"name":"Squirrel Bedroom"}]},{"@type":"WebSite","@id":"https:\/\/edelweissyogachalet.com\/fr\/#website","url":"https:\/\/edelweissyogachalet.com\/fr\/","name":"Edelweiss Yoga Chalet","description":"Cours et S\u00e9jours de Yoga \u00e0 Chamonix","potentialAction":[{"@type":"SearchAction","target":{"@type":"EntryPoint","urlTemplate":"https:\/\/edelweissyogachalet.com\/fr\/?s={search_term_string}"},"query-input":{"@type":"PropertyValueSpecification","valueRequired":true,"valueName":"search_term_string"}}],"inLanguage":"fr-FR"}]}},"_links":{"self":[{"href":"https:\/\/edelweissyogachalet.com\/fr\/wp-json\/wp\/v2\/pages\/3123","targetHints":{"allow":["GET"]}}],"collection":[{"href":"https:\/\/edelweissyogachalet.com\/fr\/wp-json\/wp\/v2\/pages"}],"about":[{"href":"https:\/\/edelweissyogachalet.com\/fr\/wp-json\/wp\/v2\/types\/page"}],"author":[{"embeddable":true,"href":"https:\/\/edelweissyogachalet.com\/fr\/wp-json\/wp\/v2\/users\/2"}],"replies":[{"embeddable":true,"href":"https:\/\/edelweissyogachalet.com\/fr\/wp-json\/wp\/v2\/comments?post=3123"}],"version-history":[{"count":4,"href":"https:\/\/edelweissyogachalet.com\/fr\/wp-json\/wp\/v2\/pages\/3123\/revisions"}],"predecessor-version":[{"id":3425,"href":"https:\/\/edelweissyogachalet.com\/fr\/wp-json\/wp\/v2\/pages\/3123\/revisions\/3425"}],"up":[{"embeddable":true,"href":"https:\/\/edelweissyogachalet.com\/fr\/wp-json\/wp\/v2\/pages\/3121"}],"wp:featuredmedia":[{"embeddable":true,"href":"https:\/\/edelweissyogachalet.com\/fr\/wp-json\/wp\/v2\/media\/2542"}],"wp:attachment":[{"href":"https:\/\/edelweissyogachalet.com\/fr\/wp-json\/wp\/v2\/media?parent=3123"}],"curies":[{"name":"wp","href":"https:\/\/api.w.org\/{rel}","templated":true}]}}