{"id":3512,"date":"2021-02-06T01:19:50","date_gmt":"2021-02-06T00:19:50","guid":{"rendered":"https:\/\/edelweissyogachalet.com\/?page_id=3512"},"modified":"2021-02-06T03:01:26","modified_gmt":"2021-02-06T02:01:26","slug":"vouchers","status":"publish","type":"page","link":"https:\/\/edelweissyogachalet.com\/fr\/vouchers\/","title":{"rendered":"Cartes Cadeaux"},"content":{"rendered":"<div class=\"wpb-content-wrapper\"><div class=\"ys-section vc_row wpb_row vc_row-fluid\"><div class=\"wpb_column vc_column_container vc_col-sm-12\"><div class=\"vc_column-inner\"><div class=\"wpb_wrapper\"><div class='wpb_content_element custom-title  with_title  with_divider' ><div class=\"custom-title-inner align-center\" ><h2  class=\"section-title\" >Cartes Cadeaux<\/h2><div class=\"icon-divider align-center\" ><i style=\"background:#67c2b4;\" class=\"svg divider2\"><\/i><\/div><\/div><div class=\"content_inner text-size-medium\"  ><\/div><\/div><div class=\"vc_empty_space\"   style=\"height: 60px\"><span class=\"vc_empty_space_inner\"><\/span><\/div><div class=\"wpb_text_column wpb_content_element\">\r\n\t\t<div class=\"wpb_wrapper\">\r\n\t\t\t<p style=\"text-align: center;\">Faites plaisir \u00e0 un proche en offrant une carte cadeau.<\/p>\n<p style=\"text-align: center;\"><em>Choisissez le montant de votre choix lors du check out.<\/em><\/p>\n\r\n\t\t<\/div>\r\n\t<\/div>\r\n<div class=\"vc_empty_space\"   style=\"height: 60px\"><span class=\"vc_empty_space_inner\"><\/span><\/div>\r\n\t\t<div class=\"wpb_content_element custom_products\">\r\n\r\n\t\t\t\r\n\t\t\t\t\r\n\t\t\t\t\t\t\t\t\r\n\t\t\t\t                \r\n                \r\n\t\t\t\t<div class=\"ys-products-holder woocommerce ys-view-grid columns-4 cp-paginate-none\">\r\n\r\n\t\t\t\t\t<ul class=\"products columns-4\">\n\r\n\t\t\t\t\t\r\n\t\t\t\t\t\t<li class=\"product type-product post-3195 status-publish first instock product_cat-mwb_wgm_giftcard has-post-thumbnail downloadable shipping-taxable purchasable product-type-simple\">\n\t\r\n\t\t\t\t\t\t\r\n\t\t\t\t\t\t\t <div class=\"product-image\">\r\n                    <a href=\"https:\/\/edelweissyogachalet.com\/fr\/produit\/voucher-100\/\"><img decoding=\"async\" width=\"600\" height=\"600\" src=\"https:\/\/edelweissyogachalet.com\/wp-content\/uploads\/2020\/12\/voucher-100.jpg\" alt='Voucher 100' \/><\/a>\r\n\r\n                  <\/div>\r\n\t\t\t\t\t\t\r\n\t\t\t<div class=\"product-description\">\r\n\t\t\t<span class=\"posted_in\"><a href=\"https:\/\/edelweissyogachalet.com\/fr\/categorie-produit\/mwb_wgm_giftcard\/\" rel=\"tag\">Gift Card<\/a><\/span><h6 class=\"product-name\"><a href=\"https:\/\/edelweissyogachalet.com\/fr\/produit\/voucher-100\/\">Voucher 100<\/a><\/h6><div class=\"pricing-area\">\n\t<span class=\"price\"><span class=\"woocommerce-Price-amount amount\">100.00<span class=\"woocommerce-Price-currencySymbol\">&euro;<\/span><\/span><\/span>\n<\/div><a href=\"\/fr\/wp-json\/wp\/v2\/pages\/3512?add-to-cart=3195\" data-quantity=\"1\" class=\"button product_type_simple add_to_cart_button ajax_add_to_cart btn btn-small btn-style-3\" data-product_id=\"3195\" data-product_sku=\"2743-1\" aria-label=\"Ajouter au panier\u00a0: \u201cVoucher 100\u201d\" rel=\"nofollow\" data-success_message=\"\u00ab\u00a0Voucher 100\u00a0\u00bb a \u00e9t\u00e9 ajout\u00e9 \u00e0 votre panier\" role=\"button\" data-no-translation=\"\" data-trp-gettext=\"\" data-no-translation-aria-label=\"\" data-no-translation-data-success_message=\"\">Ajouter au panier<\/a><\/div><\/li>\n\r\n\t\t\t\t\t\r\n\t\t\t\t\t\t<li class=\"product type-product post-2743 status-publish instock product_cat-mwb_wgm_giftcard has-post-thumbnail downloadable shipping-taxable purchasable product-type-simple\">\n\t\r\n\t\t\t\t\t\t\r\n\t\t\t\t\t\t\t <div class=\"product-image\">\r\n                    <a href=\"https:\/\/edelweissyogachalet.com\/fr\/produit\/voucher-50\/\"><img decoding=\"async\" width=\"600\" height=\"600\" src=\"https:\/\/edelweissyogachalet.com\/wp-content\/uploads\/2020\/12\/voucher-50.jpg\" alt='Voucher 50' \/><\/a>\r\n\r\n                  <\/div>\r\n\t\t\t\t\t\t\r\n\t\t\t<div class=\"product-description\">\r\n\t\t\t<span class=\"posted_in\"><a href=\"https:\/\/edelweissyogachalet.com\/fr\/categorie-produit\/mwb_wgm_giftcard\/\" rel=\"tag\">Gift Card<\/a><\/span><h6 class=\"product-name\"><a href=\"https:\/\/edelweissyogachalet.com\/fr\/produit\/voucher-50\/\">Voucher 50<\/a><\/h6><div class=\"pricing-area\">\n\t<span class=\"price\"><span class=\"woocommerce-Price-amount amount\">50.00<span class=\"woocommerce-Price-currencySymbol\">&euro;<\/span><\/span><\/span>\n<\/div><a href=\"\/fr\/wp-json\/wp\/v2\/pages\/3512?add-to-cart=2743\" data-quantity=\"1\" class=\"button product_type_simple add_to_cart_button ajax_add_to_cart btn btn-small btn-style-3\" data-product_id=\"2743\" data-product_sku=\"2743\" aria-label=\"Ajouter au panier\u00a0: \u201cVoucher 50\u201d\" rel=\"nofollow\" data-success_message=\"\u00ab\u00a0Voucher 50\u00a0\u00bb a \u00e9t\u00e9 ajout\u00e9 \u00e0 votre panier\" role=\"button\" data-no-translation=\"\" data-trp-gettext=\"\" data-no-translation-aria-label=\"\" data-no-translation-data-success_message=\"\">Ajouter au panier<\/a><\/div><\/li>\n\r\n\t\t\t\t\t\r\n\t\t\t\t\t\t<li class=\"product type-product post-3524 status-publish instock product_cat-mwb_wgm_giftcard has-post-thumbnail downloadable shipping-taxable purchasable product-type-simple\">\n\t\r\n\t\t\t\t\t\t\r\n\t\t\t\t\t\t\t <div class=\"product-image\">\r\n                    <a href=\"https:\/\/edelweissyogachalet.com\/fr\/produit\/voucher-150\/\"><img decoding=\"async\" width=\"600\" height=\"600\" src=\"https:\/\/edelweissyogachalet.com\/wp-content\/uploads\/2020\/12\/voucher-150.jpg\" alt='Voucher 150' \/><\/a>\r\n\r\n                  <\/div>\r\n\t\t\t\t\t\t\r\n\t\t\t<div class=\"product-description\">\r\n\t\t\t<span class=\"posted_in\"><a href=\"https:\/\/edelweissyogachalet.com\/fr\/categorie-produit\/mwb_wgm_giftcard\/\" rel=\"tag\">Gift Card<\/a><\/span><h6 class=\"product-name\"><a href=\"https:\/\/edelweissyogachalet.com\/fr\/produit\/voucher-150\/\">Voucher 150<\/a><\/h6><div class=\"pricing-area\">\n\t<span class=\"price\"><span class=\"woocommerce-Price-amount amount\">150.00<span class=\"woocommerce-Price-currencySymbol\">&euro;<\/span><\/span><\/span>\n<\/div><a href=\"\/fr\/wp-json\/wp\/v2\/pages\/3512?add-to-cart=3524\" data-quantity=\"1\" class=\"button product_type_simple add_to_cart_button ajax_add_to_cart btn btn-small btn-style-3\" data-product_id=\"3524\" data-product_sku=\"2743-1-1\" aria-label=\"Ajouter au panier\u00a0: \u201cVoucher 150\u201d\" rel=\"nofollow\" data-success_message=\"\u00ab\u00a0Voucher 150\u00a0\u00bb a \u00e9t\u00e9 ajout\u00e9 \u00e0 votre panier\" role=\"button\" data-no-translation=\"\" data-trp-gettext=\"\" data-no-translation-aria-label=\"\" data-no-translation-data-success_message=\"\">Ajouter au panier<\/a><\/div><\/li>\n\r\n\t\t\t\t\t\r\n\t\t\t\t\t<\/ul>\n                    \r\n                    <\/div>\r\n                    \r\n                    \r\n\t\t\t\t\t                    \r\n                    \r\n\t\t\t\t\r\n\r\n\t\t\t\r\n\t\t<\/div>\r\n\r\n\t\t\r\n\t\t<\/div><\/div><\/div><\/div>\n<\/div>","protected":false},"excerpt":{"rendered":"<p>Faites plaisir \u00e0 un proche en offrant une carte cadeau.<\/p>","protected":false},"author":2,"featured_media":0,"parent":0,"menu_order":0,"comment_status":"closed","ping_status":"closed","template":"","meta":{"nf_dc_page":"","_monsterinsights_skip_tracking":false,"_monsterinsights_sitenote_active":false,"_monsterinsights_sitenote_note":"","_monsterinsights_sitenote_category":0,"footnotes":""},"class_list":["post-3512","page","type-page","status-publish","hentry"],"yoast_head":"<!-- This site is optimized with the Yoast SEO plugin v27.4 - https:\/\/yoast.com\/product\/yoast-seo-wordpress\/ -->\n<title>Cartes Cadeaux - Edelweiss Yoga Chalet<\/title>\n<meta name=\"description\" content=\"Faites plaisir \u00e0 un proche en offrant une carte cadeau.\" \/>\n<meta name=\"robots\" content=\"index, follow, max-snippet:-1, max-image-preview:large, max-video-preview:-1\" \/>\n<link rel=\"canonical\" href=\"https:\/\/edelweissyogachalet.com\/fr\/vouchers\/\" \/>\n<meta property=\"og:locale\" content=\"fr_FR\" \/>\n<meta property=\"og:locale:alternate\" content=\"en_GB\" \/>\n<meta property=\"og:type\" content=\"article\" \/>\n<meta property=\"og:title\" content=\"Cartes Cadeaux - Edelweiss Yoga Chalet\" \/>\n<meta property=\"og:description\" content=\"Spoil your loved ones with our vouchers!\" \/>\n<meta property=\"og:url\" content=\"https:\/\/edelweissyogachalet.com\/fr\/produit\/voucher-150\/\" \/>\n<meta property=\"og:site_name\" content=\"Edelweiss Yoga Chalet\" \/>\n<meta property=\"article:publisher\" content=\"https:\/\/www.facebook.com\/Edelweissyogachalet\" \/>\n<meta property=\"article:modified_time\" content=\"2021-02-06T02:01:26+00:00\" \/>\n<meta property=\"og:image\" content=\"https:\/\/edelweissyogachalet.com\/wp-content\/uploads\/2020\/08\/logo_Edelweiss.png\" \/>\n\t<meta property=\"og:image:width\" content=\"450\" \/>\n\t<meta property=\"og:image:height\" content=\"198\" \/>\n\t<meta property=\"og:image:type\" content=\"image\/png\" \/>\n<meta name=\"twitter:card\" content=\"summary_large_image\" \/>\n<meta name=\"twitter:label1\" content=\"Dur\u00e9e de lecture estim\u00e9e\" \/>\n\t<meta name=\"twitter:data1\" content=\"1 minute\" \/>\n<script type=\"application\/ld+json\" class=\"yoast-schema-graph\">{\"@context\":\"https:\\\/\\\/schema.org\",\"@graph\":[{\"@type\":\"WebPage\",\"@id\":\"https:\\\/\\\/edelweissyogachalet.com\\\/vouchers\\\/\",\"url\":\"https:\\\/\\\/edelweissyogachalet.com\\\/vouchers\\\/\",\"name\":\"Cartes Cadeaux - Edelweiss Yoga Chalet\",\"isPartOf\":{\"@id\":\"https:\\\/\\\/edelweissyogachalet.com\\\/fr\\\/#website\"},\"datePublished\":\"2021-02-06T00:19:50+00:00\",\"dateModified\":\"2021-02-06T02:01:26+00:00\",\"description\":\"Spoil your loved ones with our vouchers!\",\"breadcrumb\":{\"@id\":\"https:\\\/\\\/edelweissyogachalet.com\\\/vouchers\\\/#breadcrumb\"},\"inLanguage\":\"fr-FR\",\"potentialAction\":[{\"@type\":\"ReadAction\",\"target\":[\"https:\\\/\\\/edelweissyogachalet.com\\\/vouchers\\\/\"]}]},{\"@type\":\"BreadcrumbList\",\"@id\":\"https:\\\/\\\/edelweissyogachalet.com\\\/vouchers\\\/#breadcrumb\",\"itemListElement\":[{\"@type\":\"ListItem\",\"position\":1,\"name\":\"Home\",\"item\":\"https:\\\/\\\/edelweissyogachalet.com\\\/\"},{\"@type\":\"ListItem\",\"position\":2,\"name\":\"Vouchers\"}]},{\"@type\":\"WebSite\",\"@id\":\"https:\\\/\\\/edelweissyogachalet.com\\\/fr\\\/#website\",\"url\":\"https:\\\/\\\/edelweissyogachalet.com\\\/fr\\\/\",\"name\":\"Edelweiss Yoga Chalet\",\"description\":\"Cours et S\u00e9jours de Yoga \u00e0 Chamonix\",\"potentialAction\":[{\"@type\":\"SearchAction\",\"target\":{\"@type\":\"EntryPoint\",\"urlTemplate\":\"https:\\\/\\\/edelweissyogachalet.com\\\/fr\\\/?s={search_term_string}\"},\"query-input\":{\"@type\":\"PropertyValueSpecification\",\"valueRequired\":true,\"valueName\":\"search_term_string\"}}],\"inLanguage\":\"fr-FR\"}]}<\/script>\n<!-- \/ Yoast SEO plugin. -->","yoast_head_json":{"title":"Cartes Cadeaux - Edelweiss Yoga Chalet","description":"Faites plaisir \u00e0 un proche en offrant une carte cadeau.","robots":{"index":"index","follow":"follow","max-snippet":"max-snippet:-1","max-image-preview":"max-image-preview:large","max-video-preview":"max-video-preview:-1"},"canonical":"https:\/\/edelweissyogachalet.com\/fr\/vouchers\/","og_locale":"fr_FR","og_type":"article","og_title":"Cartes Cadeaux - Edelweiss Yoga Chalet","og_description":"Spoil your loved ones with our vouchers!","og_url":"https:\/\/edelweissyogachalet.com\/fr\/produit\/voucher-150\/","og_site_name":"Edelweiss Yoga Chalet","article_publisher":"https:\/\/www.facebook.com\/Edelweissyogachalet","article_modified_time":"2021-02-06T02:01:26+00:00","og_image":[{"width":450,"height":198,"url":"https:\/\/edelweissyogachalet.com\/wp-content\/uploads\/2020\/08\/logo_Edelweiss.png","type":"image\/png"}],"twitter_card":"summary_large_image","twitter_misc":{"Dur\u00e9e de lecture estim\u00e9e":"1 minute"},"schema":{"@context":"https:\/\/schema.org","@graph":[{"@type":"WebPage","@id":"https:\/\/edelweissyogachalet.com\/vouchers\/","url":"https:\/\/edelweissyogachalet.com\/vouchers\/","name":"Cartes Cadeaux - Edelweiss Yoga Chalet","isPartOf":{"@id":"https:\/\/edelweissyogachalet.com\/fr\/#website"},"datePublished":"2021-02-06T00:19:50+00:00","dateModified":"2021-02-06T02:01:26+00:00","description":"Spoil your loved ones with our vouchers!","breadcrumb":{"@id":"https:\/\/edelweissyogachalet.com\/vouchers\/#breadcrumb"},"inLanguage":"fr-FR","potentialAction":[{"@type":"ReadAction","target":["https:\/\/edelweissyogachalet.com\/vouchers\/"]}]},{"@type":"BreadcrumbList","@id":"https:\/\/edelweissyogachalet.com\/vouchers\/#breadcrumb","itemListElement":[{"@type":"ListItem","position":1,"name":"Home","item":"https:\/\/edelweissyogachalet.com\/"},{"@type":"ListItem","position":2,"name":"Vouchers"}]},{"@type":"WebSite","@id":"https:\/\/edelweissyogachalet.com\/fr\/#website","url":"https:\/\/edelweissyogachalet.com\/fr\/","name":"Edelweiss Yoga Chalet","description":"Cours et S\u00e9jours de Yoga \u00e0 Chamonix","potentialAction":[{"@type":"SearchAction","target":{"@type":"EntryPoint","urlTemplate":"https:\/\/edelweissyogachalet.com\/fr\/?s={search_term_string}"},"query-input":{"@type":"PropertyValueSpecification","valueRequired":true,"valueName":"search_term_string"}}],"inLanguage":"fr-FR"}]}},"_links":{"self":[{"href":"https:\/\/edelweissyogachalet.com\/fr\/wp-json\/wp\/v2\/pages\/3512","targetHints":{"allow":["GET"]}}],"collection":[{"href":"https:\/\/edelweissyogachalet.com\/fr\/wp-json\/wp\/v2\/pages"}],"about":[{"href":"https:\/\/edelweissyogachalet.com\/fr\/wp-json\/wp\/v2\/types\/page"}],"author":[{"embeddable":true,"href":"https:\/\/edelweissyogachalet.com\/fr\/wp-json\/wp\/v2\/users\/2"}],"replies":[{"embeddable":true,"href":"https:\/\/edelweissyogachalet.com\/fr\/wp-json\/wp\/v2\/comments?post=3512"}],"version-history":[{"count":5,"href":"https:\/\/edelweissyogachalet.com\/fr\/wp-json\/wp\/v2\/pages\/3512\/revisions"}],"predecessor-version":[{"id":3517,"href":"https:\/\/edelweissyogachalet.com\/fr\/wp-json\/wp\/v2\/pages\/3512\/revisions\/3517"}],"wp:attachment":[{"href":"https:\/\/edelweissyogachalet.com\/fr\/wp-json\/wp\/v2\/media?parent=3512"}],"curies":[{"name":"wp","href":"https:\/\/api.w.org\/{rel}","templated":true}]}}