{"id":3505,"date":"2021-02-06T00:55:20","date_gmt":"2021-02-05T23:55:20","guid":{"rendered":"https:\/\/edelweissyogachalet.com\/?post_type=product&#038;p=3505"},"modified":"2021-02-06T02:29:06","modified_gmt":"2021-02-06T01:29:06","slug":"extra-night","status":"publish","type":"product","link":"https:\/\/edelweissyogachalet.com\/fr\/produit\/extra-night\/","title":{"rendered":"Nuit additionnelle"},"content":{"rendered":"<p>Ajoutez une ou plusieurs nuits \u00e0 votre s\u00e9jour. Vous aurez l&#8217;occasion de d\u00e9couvrir les environs de Chamonix et de vous acclimater pour commencer votre stage le corps repos\u00e9.<\/p>\n<p>Choisissez le m\u00eame type de chambre que celui que vous avez pris lors de la commande de votre s\u00e9jour (chambre simple, chambre partag\u00e9e, chambre double).<\/p>\n<p><strong>Notez la\/les dates que vous voulez booker dans la Note de Commande lors du checkout.<\/strong><\/p>\n<p>Des questions ? N&#8217;h\u00e9sitez pas \u00e0 nous contacter <a href=\"https:\/\/edelweissyogachalet.com\/fr\/contact-us\/\">ici<\/a>.<\/p>","protected":false},"excerpt":{"rendered":"<p>Ajoutez une ou plusieurs nuits \u00e0 votre s\u00e9jour.<\/p>","protected":false},"featured_media":2453,"template":"","meta":{"nf_dc_page":"","_monsterinsights_skip_tracking":false,"_monsterinsights_sitenote_active":false,"_monsterinsights_sitenote_note":"","_monsterinsights_sitenote_category":0},"product_brand":[],"product_cat":[264],"product_tag":[],"class_list":{"0":"post-3505","1":"product","2":"type-product","3":"status-publish","4":"has-post-thumbnail","6":"product_cat-extra","8":"first","9":"instock","10":"shipping-taxable","11":"purchasable","12":"product-type-variable"},"yoast_head":"<!-- This site is optimized with the Yoast SEO plugin v27.4 - https:\/\/yoast.com\/product\/yoast-seo-wordpress\/ -->\n<title>Nuit additionnelle<\/title>\n<meta name=\"robots\" content=\"index, follow, max-snippet:-1, max-image-preview:large, max-video-preview:-1\" \/>\n<link rel=\"canonical\" href=\"https:\/\/edelweissyogachalet.com\/fr\/produit\/extra-night\/\" \/>\n<meta property=\"og:locale\" content=\"fr_FR\" \/>\n<meta property=\"og:locale:alternate\" content=\"en_GB\" \/>\n<meta property=\"og:type\" content=\"article\" \/>\n<meta property=\"og:title\" content=\"Nuit additionnelle\" \/>\n<meta property=\"og:description\" content=\"Ajoutez une ou plusieurs nuits \u00e0 votre s\u00e9jour.\" \/>\n<meta property=\"og:url\" content=\"https:\/\/edelweissyogachalet.com\/fr\/produit\/extra-night\/\" \/>\n<meta property=\"og:site_name\" content=\"Edelweiss Yoga Chalet\" \/>\n<meta property=\"article:publisher\" content=\"https:\/\/www.facebook.com\/Edelweissyogachalet\" \/>\n<meta property=\"article:modified_time\" content=\"2021-02-06T01:29:06+00:00\" \/>\n<meta property=\"og:image\" content=\"https:\/\/edelweissyogachalet.com\/wp-content\/uploads\/2018\/09\/chambre-du-bouquetin-1.png\" \/>\n\t<meta property=\"og:image:width\" content=\"816\" \/>\n\t<meta property=\"og:image:height\" content=\"506\" \/>\n\t<meta property=\"og:image:type\" content=\"image\/png\" \/>\n<meta name=\"twitter:card\" content=\"summary_large_image\" \/>\n<meta name=\"twitter:label1\" content=\"Dur\u00e9e de lecture estim\u00e9e\" \/>\n\t<meta name=\"twitter:data1\" content=\"1 minute\" \/>\n<script type=\"application\/ld+json\" class=\"yoast-schema-graph\">{\"@context\":\"https:\\\/\\\/schema.org\",\"@graph\":[{\"@type\":\"WebPage\",\"@id\":\"https:\\\/\\\/edelweissyogachalet.com\\\/fr\\\/produit\\\/extra-night\\\/\",\"url\":\"https:\\\/\\\/edelweissyogachalet.com\\\/fr\\\/produit\\\/extra-night\\\/\",\"name\":\"Nuit additionnelle\",\"isPartOf\":{\"@id\":\"https:\\\/\\\/edelweissyogachalet.com\\\/fr\\\/#website\"},\"primaryImageOfPage\":{\"@id\":\"https:\\\/\\\/edelweissyogachalet.com\\\/fr\\\/produit\\\/extra-night\\\/#primaryimage\"},\"image\":{\"@id\":\"https:\\\/\\\/edelweissyogachalet.com\\\/fr\\\/produit\\\/extra-night\\\/#primaryimage\"},\"thumbnailUrl\":\"https:\\\/\\\/edelweissyogachalet.com\\\/wp-content\\\/uploads\\\/2018\\\/09\\\/chambre-du-bouquetin-1.png\",\"datePublished\":\"2021-02-05T23:55:20+00:00\",\"dateModified\":\"2021-02-06T01:29:06+00:00\",\"breadcrumb\":{\"@id\":\"https:\\\/\\\/edelweissyogachalet.com\\\/fr\\\/produit\\\/extra-night\\\/#breadcrumb\"},\"inLanguage\":\"fr-FR\",\"potentialAction\":[{\"@type\":\"ReadAction\",\"target\":[\"https:\\\/\\\/edelweissyogachalet.com\\\/fr\\\/produit\\\/extra-night\\\/\"]}]},{\"@type\":\"ImageObject\",\"inLanguage\":\"fr-FR\",\"@id\":\"https:\\\/\\\/edelweissyogachalet.com\\\/fr\\\/produit\\\/extra-night\\\/#primaryimage\",\"url\":\"https:\\\/\\\/edelweissyogachalet.com\\\/wp-content\\\/uploads\\\/2018\\\/09\\\/chambre-du-bouquetin-1.png\",\"contentUrl\":\"https:\\\/\\\/edelweissyogachalet.com\\\/wp-content\\\/uploads\\\/2018\\\/09\\\/chambre-du-bouquetin-1.png\",\"width\":816,\"height\":506,\"caption\":\"Chambre du Bouquetin\"},{\"@type\":\"BreadcrumbList\",\"@id\":\"https:\\\/\\\/edelweissyogachalet.com\\\/fr\\\/produit\\\/extra-night\\\/#breadcrumb\",\"itemListElement\":[{\"@type\":\"ListItem\",\"position\":1,\"name\":\"Home\",\"item\":\"https:\\\/\\\/edelweissyogachalet.com\\\/\"},{\"@type\":\"ListItem\",\"position\":2,\"name\":\"Shop\",\"item\":\"https:\\\/\\\/edelweissyogachalet.com\\\/fr\\\/shop\\\/\"},{\"@type\":\"ListItem\",\"position\":3,\"name\":\"Nuit additionnelle\"}]},{\"@type\":\"WebSite\",\"@id\":\"https:\\\/\\\/edelweissyogachalet.com\\\/fr\\\/#website\",\"url\":\"https:\\\/\\\/edelweissyogachalet.com\\\/fr\\\/\",\"name\":\"Edelweiss Yoga Chalet\",\"description\":\"Cours et S\u00e9jours de Yoga \u00e0 Chamonix\",\"potentialAction\":[{\"@type\":\"SearchAction\",\"target\":{\"@type\":\"EntryPoint\",\"urlTemplate\":\"https:\\\/\\\/edelweissyogachalet.com\\\/fr\\\/?s={search_term_string}\"},\"query-input\":{\"@type\":\"PropertyValueSpecification\",\"valueRequired\":true,\"valueName\":\"search_term_string\"}}],\"inLanguage\":\"fr-FR\"}]}<\/script>\n<!-- \/ Yoast SEO plugin. -->","yoast_head_json":{"title":"Nuit additionnelle","robots":{"index":"index","follow":"follow","max-snippet":"max-snippet:-1","max-image-preview":"max-image-preview:large","max-video-preview":"max-video-preview:-1"},"canonical":"https:\/\/edelweissyogachalet.com\/fr\/produit\/extra-night\/","og_locale":"fr_FR","og_type":"article","og_title":"[:en]Extra Night[:fr]Nuit additionnelle[:] - Edelweiss Yoga Chalet","og_description":"Ajoutez une ou plusieurs nuits \u00e0 votre s\u00e9jour.","og_url":"https:\/\/edelweissyogachalet.com\/fr\/produit\/extra-night\/","og_site_name":"Edelweiss Yoga Chalet","article_publisher":"https:\/\/www.facebook.com\/Edelweissyogachalet","article_modified_time":"2021-02-06T01:29:06+00:00","og_image":[{"width":816,"height":506,"url":"https:\/\/edelweissyogachalet.com\/wp-content\/uploads\/2018\/09\/chambre-du-bouquetin-1.png","type":"image\/png"}],"twitter_card":"summary_large_image","twitter_misc":{"Dur\u00e9e de lecture estim\u00e9e":"1 minute"},"schema":{"@context":"https:\/\/schema.org","@graph":[{"@type":"WebPage","@id":"https:\/\/edelweissyogachalet.com\/fr\/produit\/extra-night\/","url":"https:\/\/edelweissyogachalet.com\/fr\/produit\/extra-night\/","name":"Nuit additionnelle","isPartOf":{"@id":"https:\/\/edelweissyogachalet.com\/fr\/#website"},"primaryImageOfPage":{"@id":"https:\/\/edelweissyogachalet.com\/fr\/produit\/extra-night\/#primaryimage"},"image":{"@id":"https:\/\/edelweissyogachalet.com\/fr\/produit\/extra-night\/#primaryimage"},"thumbnailUrl":"https:\/\/edelweissyogachalet.com\/wp-content\/uploads\/2018\/09\/chambre-du-bouquetin-1.png","datePublished":"2021-02-05T23:55:20+00:00","dateModified":"2021-02-06T01:29:06+00:00","breadcrumb":{"@id":"https:\/\/edelweissyogachalet.com\/fr\/produit\/extra-night\/#breadcrumb"},"inLanguage":"fr-FR","potentialAction":[{"@type":"ReadAction","target":["https:\/\/edelweissyogachalet.com\/fr\/produit\/extra-night\/"]}]},{"@type":"ImageObject","inLanguage":"fr-FR","@id":"https:\/\/edelweissyogachalet.com\/fr\/produit\/extra-night\/#primaryimage","url":"https:\/\/edelweissyogachalet.com\/wp-content\/uploads\/2018\/09\/chambre-du-bouquetin-1.png","contentUrl":"https:\/\/edelweissyogachalet.com\/wp-content\/uploads\/2018\/09\/chambre-du-bouquetin-1.png","width":816,"height":506,"caption":"Chambre du Bouquetin"},{"@type":"BreadcrumbList","@id":"https:\/\/edelweissyogachalet.com\/fr\/produit\/extra-night\/#breadcrumb","itemListElement":[{"@type":"ListItem","position":1,"name":"Home","item":"https:\/\/edelweissyogachalet.com\/"},{"@type":"ListItem","position":2,"name":"Shop","item":"https:\/\/edelweissyogachalet.com\/fr\/shop\/"},{"@type":"ListItem","position":3,"name":"Nuit additionnelle"}]},{"@type":"WebSite","@id":"https:\/\/edelweissyogachalet.com\/fr\/#website","url":"https:\/\/edelweissyogachalet.com\/fr\/","name":"Edelweiss Yoga Chalet","description":"Cours et S\u00e9jours de Yoga \u00e0 Chamonix","potentialAction":[{"@type":"SearchAction","target":{"@type":"EntryPoint","urlTemplate":"https:\/\/edelweissyogachalet.com\/fr\/?s={search_term_string}"},"query-input":{"@type":"PropertyValueSpecification","valueRequired":true,"valueName":"search_term_string"}}],"inLanguage":"fr-FR"}]}},"_links":{"self":[{"href":"https:\/\/edelweissyogachalet.com\/fr\/wp-json\/wp\/v2\/product\/3505","targetHints":{"allow":["GET"]}}],"collection":[{"href":"https:\/\/edelweissyogachalet.com\/fr\/wp-json\/wp\/v2\/product"}],"about":[{"href":"https:\/\/edelweissyogachalet.com\/fr\/wp-json\/wp\/v2\/types\/product"}],"wp:featuredmedia":[{"embeddable":true,"href":"https:\/\/edelweissyogachalet.com\/fr\/wp-json\/wp\/v2\/media\/2453"}],"wp:attachment":[{"href":"https:\/\/edelweissyogachalet.com\/fr\/wp-json\/wp\/v2\/media?parent=3505"}],"wp:term":[{"taxonomy":"product_brand","embeddable":true,"href":"https:\/\/edelweissyogachalet.com\/fr\/wp-json\/wp\/v2\/product_brand?post=3505"},{"taxonomy":"product_cat","embeddable":true,"href":"https:\/\/edelweissyogachalet.com\/fr\/wp-json\/wp\/v2\/product_cat?post=3505"},{"taxonomy":"product_tag","embeddable":true,"href":"https:\/\/edelweissyogachalet.com\/fr\/wp-json\/wp\/v2\/product_tag?post=3505"}],"curies":[{"name":"wp","href":"https:\/\/api.w.org\/{rel}","templated":true}]}}